{"id":3244,"date":"2025-11-22T12:08:44","date_gmt":"2025-11-22T11:08:44","guid":{"rendered":"https:\/\/vitalworld.com\/ch\/produkt\/streu-nachfueller\/"},"modified":"2026-01-22T16:59:39","modified_gmt":"2026-01-22T15:59:39","slug":"streu-nachfueller","status":"publish","type":"product","link":"https:\/\/vitalworld.com\/ch\/produkt\/streu-nachfueller\/","title":{"rendered":"Streu Nachf\u00fcller"},"content":{"rendered":"<h3><strong>Streu-Gew\u00fcrzmischung \u2013 Dein vielseitiger Allrounder f\u00fcr jeden Tag<\/strong><\/h3>\n<p>Die Rezeptur der Streu Gew\u00fcrzmischung orientiert sich an der <strong>F\u00fcnf-Elemente-K\u00fcche<\/strong>. Dabei werden die Geschmacksrichtungen s\u00fcss, sauer, bitter, salzig und scharf bewusst in Einklang gebracht. So entsteht eine fein ausbalancierte W\u00fcrze, die Gerichte erg\u00e4nzt, ohne sie zu dominieren und sich vielseitig einsetzen l\u00e4sst.<\/p>\n<p>Diese Mischung eignet sich f\u00fcr kalte wie warme Speisen und unterst\u00fctzt eine K\u00fcche, die Wert auf <strong>Ausgewogenheit, Bek\u00f6mmlichkeit und nat\u00fcrlichen Geschmack<\/strong> legt. Einfach in der Anwendung und flexibel kombinierbar \u2013 f\u00fcr allt\u00e4gliche Gerichte mit harmonischer W\u00fcrze.<\/p>\n<p>Gefertigt aus rein nat\u00fcrlichen Zutaten ist die Streu Gew\u00fcrzmischung <strong>vegan und frei von Geschmacksverst\u00e4rkern, Konservierungsstoffen, Gluten, Glutamat und Farbstoffen.<\/strong> Eine ehrliche Komposition f\u00fcr bewussten Genuss im K\u00fcchenalltag.<\/p>\n<p><strong>Vegan zertifiziert<br \/>\nIn der Schweiz hergestellt<\/strong><\/p>\n<p><strong>Inhaltsstoffe: <\/strong> Kristallsalz, Roh-Rohrzucker, Paprika, Petersilie, Thymian, Dillkraut, Dillspitzen, Muskatnuss, Majoran, Schnittlauch<\/p>\n<p><strong>N\u00e4hrwerte: <\/strong>100\u2009g enthalten: Energie 1033\u2009kJ (244\u2009kcal) | Fett 2,2\u2009g davon ges. Fetts\u00e4uren 0,7\u2009g | Kohlenhydrate 49\u2009g davon Zucker 37\u2009g | Eiweiss 4\u2009g | Salz 40,5\u2009g<\/p>\n<p><strong>Lagerung:<\/strong> Trocken und geschlossen und bei Raumtemperatur lagern. Stehts gut verschliessen.<\/p>\n<p><strong>Feine Kr\u00e4uterw\u00fcrze in ausgewogener Form \u2013 vielseitig einsetzbar und ideal f\u00fcr den t\u00e4glichen Genuss.<\/strong><\/p>\n<p>&nbsp;<\/p>\n<p><strong>Mehr erfahren? Dann schau dir unser Produktvideo an oder informiere dich in unserem thematisch passenden Fachartikel.<\/strong><\/p>\n","protected":false},"excerpt":{"rendered":"<p><strong>Streu-Gew\u00fcrzmischung \u2013 Kr\u00e4uterw\u00fcrze f\u00fcr den t\u00e4glichen Gebrauch<\/strong><\/p>\n<p>Jetzt deine Lieblingsw\u00fcrze entdecken. Die fein abgestimmte Streu Gew\u00fcrzmischung von SwissVitalWorld eignet sich perfekt f\u00fcr den t\u00e4glichen Einsatz in der K\u00fcche und am Tisch. Ideal zum W\u00fcrzen von <strong>Eierspeisen, Salaten, Gem\u00fcse, Kartoffelgerichten oder warmen Klassikern<\/strong> \u2013 sie sorgt zuverl\u00e4ssig f\u00fcr ein harmonisches, ausgewogenes Aroma.<\/p>\n<p>Petersilie, Thymian, Majoran, Schnittlauch und Dill bilden die <strong>kr\u00e4uterige Basis<\/strong> dieser Mischung. Paprika und Muskatnuss erg\u00e4nzen das <strong>Aroma mit sanfter Tiefe<\/strong> und runden den Geschmack ab. Die Streu Gew\u00fcrzmischung unterstreicht den Eigengeschmack der Zutaten und sorgt f\u00fcr ein stimmiges Gesamtbild auf dem Teller.<\/p>\n<p>Inhalt: 195 g<\/p>\n[video3q id=\"c19e36d4-30c4-40fe-b8ea-c58bb10009a0\"]\n","protected":false},"featured_media":3242,"template":"","meta":{"_acf_changed":false},"product_brand":[],"product_cat":[114],"product_tag":[],"class_list":{"0":"post-3244","1":"product","2":"type-product","3":"status-publish","4":"has-post-thumbnail","6":"product_cat-gewurze","8":"first","9":"instock","10":"taxable","11":"shipping-taxable","12":"purchasable","13":"product-type-simple"},"acf":[],"_links":{"self":[{"href":"https:\/\/vitalworld.com\/ch\/wp-json\/wp\/v2\/product\/3244","targetHints":{"allow":["GET"]}}],"collection":[{"href":"https:\/\/vitalworld.com\/ch\/wp-json\/wp\/v2\/product"}],"about":[{"href":"https:\/\/vitalworld.com\/ch\/wp-json\/wp\/v2\/types\/product"}],"wp:featuredmedia":[{"embeddable":true,"href":"https:\/\/vitalworld.com\/ch\/wp-json\/wp\/v2\/media\/3242"}],"wp:attachment":[{"href":"https:\/\/vitalworld.com\/ch\/wp-json\/wp\/v2\/media?parent=3244"}],"wp:term":[{"taxonomy":"product_brand","embeddable":true,"href":"https:\/\/vitalworld.com\/ch\/wp-json\/wp\/v2\/product_brand?post=3244"},{"taxonomy":"product_cat","embeddable":true,"href":"https:\/\/vitalworld.com\/ch\/wp-json\/wp\/v2\/product_cat?post=3244"},{"taxonomy":"product_tag","embeddable":true,"href":"https:\/\/vitalworld.com\/ch\/wp-json\/wp\/v2\/product_tag?post=3244"}],"curies":[{"name":"wp","href":"https:\/\/api.w.org\/{rel}","templated":true}]}}