{"id":3252,"date":"2025-11-22T12:08:43","date_gmt":"2025-11-22T11:08:43","guid":{"rendered":"https:\/\/vitalworld.com\/ch\/produkt\/vital-spray\/"},"modified":"2026-03-09T14:47:54","modified_gmt":"2026-03-09T13:47:54","slug":"vital-spray","status":"publish","type":"product","link":"https:\/\/vitalworld.com\/ch\/produkt\/vital-spray\/","title":{"rendered":"Vital-Spray"},"content":{"rendered":"<h3><strong>Vital-Spray \u2013 Die Kraft der Natur f\u00fcr Ihr Wohlbefinden<\/strong><\/h3>\n<p>&nbsp;<\/p>\n<p>Seit Jahrhunderten werden essenzielle \u00d6le aus Samen, Wurzeln, Bl\u00e4ttern, Rinden und Bl\u00fcten in der traditionellen chinesischen Kr\u00e4uterkunde gesch\u00e4tzt. Unser <strong>Vital-Spray<\/strong> vereint diese Weisheit in einer einzigartigen Formel, die auf alten Meisterrezepturen basiert und nach der asiatischen Regenerationsphilosophie abgestimmt ist.<\/p>\n<p>Die hochwertigen, in Europa gewonnenen <strong>Bio-\u00d6le<\/strong> sind harmonisch nach dem Prinzip von Yin und Yang kombiniert, um dein <strong>Qi<\/strong> zu st\u00e4rken und neue Vitalit\u00e4t in dein Leben zu bringen. Der Zusatz von <strong>Bioalkohol<\/strong> sorgt f\u00fcr eine feine Zerst\u00e4ubung, sodass das Spray ideal als <strong>Raumspray<\/strong> oder zur Anwendung auf gr\u00f6\u00dferen Fl\u00e4chen verwendet werden kann.<\/p>\n<p><strong>Kurz zusammengefasst:<\/strong> Perfekt f\u00fcr kurze Reset-Momente zwischendurch oder deine t\u00e4gliche Ritualpflege, wenn du Atmosph\u00e4re, Energie und Raumklima gezielt verfeinern willst. Traditionell inspiriert, energetisch ausbalanciert und alltagstauglich. F\u00fcr ein verfeinertes Raumklima, klares Mindset und sp\u00fcrbar mehr Wohlbefinden.<\/p>\n<p>&nbsp;<\/p>\n<p><strong>Inhaltsstoffe: <\/strong>Alcohol, Eugenol*, Linalool*, Limonene*, Cinnamal*, Coumarin*, Geraniol*, Benzyl Benzoate*, Cinnamyl Alcohol*<br \/>\n*Nat\u00fcrliche Bestandteile der enthaltenen \u00e4therischen \u00d6le<\/p>\n<p><strong>Erlebe die belebende Kraft der Natur \u2013 spr\u00fche Vitalit\u00e4t in dein Leben!<\/strong><\/p>\n<p>&nbsp;<\/p>\n<p><strong>Mehr erfahren? Dann schau dir unser Produktvideo an oder informiere dich in unserem thematisch passenden Fachartikel.<\/strong><\/p>\n<p>&nbsp;<\/p>\n","protected":false},"excerpt":{"rendered":"<p><strong>Vital-Spray \u2013 Nat\u00fcrliche Energie f\u00fcrs gute Gef\u00fchl<\/strong><\/p>\n<p><strong>Tradition trifft Modernit\u00e4t:<\/strong>\u00a0Basierend auf alten Meisterrezepturen und nach der asiatischen Regenerationsphilosophie ausbalanciert, bringt der Vital-Spray fern\u00f6stliche Weisheit in deinen Alltag. F\u00fcr das feine Gef\u00fchl von Harmonie und innerer Ausrichtung.<\/p>\n<p><strong>Yin und Yang in Balance:<\/strong> Die sorgf\u00e4ltig komponierte Formel ist auf energetische Ausgeglichenheit ausgerichtet und unterst\u00fctzt dein Qi. F\u00fcr sp\u00fcrbar mehr Klarheit, Fokus und Wohlbefinden.<\/p>\n<p><strong>Reine Qualit\u00e4t aus Europa:<\/strong>\u00a0Hochwertige Bio-\u00d6le werden in Europa gewonnen und kombiniert. Nat\u00fcrlich, achtsam und mit h\u00f6chstem Anspruch an Reinheit.<\/p>\n<p><strong>Einfach im Alltag:<\/strong>\u00a0Ob Homeoffice, Meeting, Yoga-Session oder Abendroutine \u2013 wenige Spr\u00fchst\u00f6sse gen\u00fcgen, um eine angenehme, belebend-ausgleichende Stimmung zu schaffen.<\/p>\n<p><strong>Feine Zerst\u00e4ubung, vielseitige Anwendung:<\/strong> Die leichte Spr\u00fchnebel-Textur verteilt sich optimal. Ideal als Raumspray oder f\u00fcr gr\u00f6ssere Fl\u00e4chen. Einige Spr\u00fchst\u00f6sse in den Raum oder aus ca. 20\u201330 cm auf gr\u00f6ssere Fl\u00e4chen geben. Nach Bedarf wiederholen.<\/p>\n<p><strong>Inhalt:<\/strong>\u00a050 ml<\/p>\n<p>Jetzt ausprobieren und Vitalit\u00e4t in dein Leben spr\u00fchen!<\/p>\n[video3q id=\"ab728b40-64f1-4168-ba54-cc447e4b8565\"]\n","protected":false},"featured_media":3251,"template":"","meta":{"_acf_changed":false},"product_brand":[],"product_cat":[115],"product_tag":[],"class_list":{"0":"post-3252","1":"product","2":"type-product","3":"status-publish","4":"has-post-thumbnail","6":"product_cat-duftole","8":"first","9":"instock","10":"taxable","11":"shipping-taxable","12":"purchasable","13":"product-type-simple"},"acf":[],"_links":{"self":[{"href":"https:\/\/vitalworld.com\/ch\/wp-json\/wp\/v2\/product\/3252","targetHints":{"allow":["GET"]}}],"collection":[{"href":"https:\/\/vitalworld.com\/ch\/wp-json\/wp\/v2\/product"}],"about":[{"href":"https:\/\/vitalworld.com\/ch\/wp-json\/wp\/v2\/types\/product"}],"wp:featuredmedia":[{"embeddable":true,"href":"https:\/\/vitalworld.com\/ch\/wp-json\/wp\/v2\/media\/3251"}],"wp:attachment":[{"href":"https:\/\/vitalworld.com\/ch\/wp-json\/wp\/v2\/media?parent=3252"}],"wp:term":[{"taxonomy":"product_brand","embeddable":true,"href":"https:\/\/vitalworld.com\/ch\/wp-json\/wp\/v2\/product_brand?post=3252"},{"taxonomy":"product_cat","embeddable":true,"href":"https:\/\/vitalworld.com\/ch\/wp-json\/wp\/v2\/product_cat?post=3252"},{"taxonomy":"product_tag","embeddable":true,"href":"https:\/\/vitalworld.com\/ch\/wp-json\/wp\/v2\/product_tag?post=3252"}],"curies":[{"name":"wp","href":"https:\/\/api.w.org\/{rel}","templated":true}]}}