{"id":3263,"date":"2025-11-22T12:08:43","date_gmt":"2025-11-22T11:08:43","guid":{"rendered":"https:\/\/vitalworld.com\/ch\/produkt\/halit-kristallsalz-nachfueller\/"},"modified":"2026-01-22T16:57:19","modified_gmt":"2026-01-22T15:57:19","slug":"halit-kristallsalz-nachfueller","status":"publish","type":"product","link":"https:\/\/vitalworld.com\/ch\/produkt\/halit-kristallsalz-nachfueller\/","title":{"rendered":"Halit Kristallsalz Nachf\u00fcller"},"content":{"rendered":"<p><strong>Urspr\u00fcngliche Qualit\u00e4t ohne Zus\u00e4tze<\/strong><\/p>\n<p>Unser Halit Kristallsalz kommt ganz <strong>ohne Trennmittel oder k\u00fcnstliche Zusatzstoffe<\/strong> aus. Dadurch kann es auch bei trockener Lagerung zu nat\u00fcrlicher Klumpenbildung kommen. Dieses Verhalten ist kein Mangel, sondern ein sichtbares Zeichen f\u00fcr die <strong>unverarbeitete, naturbelassene Qualit\u00e4t<\/strong> des Salzes.<\/p>\n<p>Gewonnen aus unterirdische Natursalzvorkommen von aussergew\u00f6hnlicher Reinheit n\u00e4hrt uns dieses Salz dank seiner urspr\u00fcnglichen Form. Reduziert auf das Wesentliche, unver\u00e4ndert und ehrlich \u2013 ideal f\u00fcr Vielk\u00f6che, Familien oder alle, die auf eine zuverl\u00e4ssige Salzqualit\u00e4t im Alltag Wert legen.<\/p>\n<p><strong>Inhaltsstoffe:<\/strong> Kristallsalz<\/p>\n<p><strong>Lagerung:<\/strong> Trocken und geschlossen und bei Raumtemperatur lagern. Stehts gut verschliessen.<\/p>\n<p><strong>Ein Salz f\u00fcr alle, die Nat\u00fcrlichkeit sch\u00e4tzen \u2013 kraftvoll, pur und perfekt f\u00fcr den t\u00e4glichen Gebrauch auch in gr\u00f6sserer Menge.<\/strong><\/p>\n<p>&nbsp;<\/p>\n<p><strong>Mehr erfahren? Dann schau dir unser Produktvideo an oder informiere dich in unserem thematisch passenden Fachartikel.<\/strong><\/p>\n","protected":false},"excerpt":{"rendered":"<p><strong>Halit Kristallsalz \u2013 Naturkraft f\u00fcr K\u00fcche &amp; Alltag<\/strong><\/p>\n<p>Aus tiefen alpinen Gesteinsschichten stammt ein Salz, das vor \u00fcber 200 Millionen Jahren aus den Ur-Meeren entstanden ist: <strong>Halit Kristallsalz<\/strong> aus urspr\u00fcnglichen Natursalzvorkommen. Seine nat\u00fcrliche Reinheit, die enthaltenen Mineralien und die markante W\u00fcrzkraft machen es zu einem vielseitigen Begleiter f\u00fcr die t\u00e4gliche K\u00fcche. Ideal f\u00fcr alle, die bewusst kochen und auf unverf\u00e4lschten Geschmack setzen.<\/p>\n<p>Dank seiner intensiven Salzigkeit reicht bereits eine sparsame Dosierung, um Speisen pr\u00e4zise abzurunden. Ob <strong>zum Kochen, Nachw\u00fcrzen<\/strong> oder f\u00fcr die regelm\u00e4ssige Zubereitung einer <strong>Sole<\/strong> \u2013 dieses Kristallsalz \u00fcberzeugt durch Klarheit, Tiefe und nat\u00fcrliche St\u00e4rke.<\/p>\n<p><strong>Inhalt:<\/strong> 800 g<\/p>\n<div id=\"deployment-287efefd-4f42-4c96-a2b8-1cc1b006af8c\">[video3q id=\"2fef0bb5-351f-42a9-8d5c-cc89c89c5eff\"]<\/div>\n","protected":false},"featured_media":3261,"template":"","meta":{"_acf_changed":false},"product_brand":[],"product_cat":[114],"product_tag":[],"class_list":{"0":"post-3263","1":"product","2":"type-product","3":"status-publish","4":"has-post-thumbnail","6":"product_cat-gewurze","8":"first","9":"instock","10":"taxable","11":"shipping-taxable","12":"purchasable","13":"product-type-simple"},"acf":[],"_links":{"self":[{"href":"https:\/\/vitalworld.com\/ch\/wp-json\/wp\/v2\/product\/3263","targetHints":{"allow":["GET"]}}],"collection":[{"href":"https:\/\/vitalworld.com\/ch\/wp-json\/wp\/v2\/product"}],"about":[{"href":"https:\/\/vitalworld.com\/ch\/wp-json\/wp\/v2\/types\/product"}],"wp:featuredmedia":[{"embeddable":true,"href":"https:\/\/vitalworld.com\/ch\/wp-json\/wp\/v2\/media\/3261"}],"wp:attachment":[{"href":"https:\/\/vitalworld.com\/ch\/wp-json\/wp\/v2\/media?parent=3263"}],"wp:term":[{"taxonomy":"product_brand","embeddable":true,"href":"https:\/\/vitalworld.com\/ch\/wp-json\/wp\/v2\/product_brand?post=3263"},{"taxonomy":"product_cat","embeddable":true,"href":"https:\/\/vitalworld.com\/ch\/wp-json\/wp\/v2\/product_cat?post=3263"},{"taxonomy":"product_tag","embeddable":true,"href":"https:\/\/vitalworld.com\/ch\/wp-json\/wp\/v2\/product_tag?post=3263"}],"curies":[{"name":"wp","href":"https:\/\/api.w.org\/{rel}","templated":true}]}}