{"id":465,"date":"2025-11-26T20:30:59","date_gmt":"2025-11-26T19:30:59","guid":{"rendered":"https:\/\/vitalworld.com\/ch\/produkt\/silbercreme\/"},"modified":"2026-03-10T11:59:47","modified_gmt":"2026-03-10T10:59:47","slug":"silbercreme","status":"publish","type":"product","link":"https:\/\/vitalworld.com\/ch\/produkt\/silbercreme\/","title":{"rendered":"Silbercreme"},"content":{"rendered":"<p><strong>Silbercreme \u2013 Beruhigt, sch\u00fctzt und regeneriert deine Haut<\/strong><\/p>\n<p>Entdecken die Kraft der <strong>Silbercreme<\/strong>, die <strong>besonders beanspruchte Haut sanft beruhigen<\/strong> kann. Die enthaltenen <strong>Silber-Mikropartikel<\/strong> k\u00f6nnen die schnelle <strong>Normalisierung deiner Haut <\/strong>f\u00f6rdern, unterst\u00fctzen die Regeneration und st\u00e4rken die <strong>nat\u00fcrliche Hautflora<\/strong>.\u00a0\u00c4therische \u00d6le aus <strong>Lavendel und Myrrhe<\/strong> wirken zus\u00e4tzlich stabilisierend und entspannend auf die beanspruchte Haut. <strong>Vitamin E<\/strong> sch\u00fctzt vor Feuchtigkeitsverlust und unterst\u00fctzt die Haut dabei, <strong>geschmeidig und widerstandsf\u00e4hig<\/strong> zu bleiben.<\/p>\n<p>Die sorgf\u00e4ltig ausgew\u00e4hlten Inhaltsstoffe st\u00e4rken die nat\u00fcrliche Hautflora, unterst\u00fctzen die Regeneration und sch\u00fctzen die Haut vor \u00e4usseren Belastungen. F\u00fcr ein ruhigeres, gekl\u00e4rtes und sichtbar stabilisiertes Hautbild \u2013 Tag f\u00fcr Tag.<\/p>\n<p><strong>Deine Haut profitiert von:<\/strong><br \/>\n\u2013 Beruhigung bei R\u00f6tungen, Juckreiz und Hautirritationen<br \/>\n\u2013 Antibakteriellem Schutz bei unreiner und empfindlicher Haut<br \/>\n\u2013 Unterst\u00fctzung der nat\u00fcrlichen Hautregeneration<br \/>\n\u2013 Gest\u00e4rkter Hautbarriere und ausgeglichener Hautflora<br \/>\n\u2013 Schutz vor Austrocknung und \u00e4usseren Einfl\u00fcssen<\/p>\n<p><strong>Inhaltsstoffe<\/strong>: Aqua, Octyldodecanol, Glycerin, Prunus Amygdalus Dulcis Oil, Betaine, Cetearyl Alcohol, Caprylic\/Capric Triglyceride, Polyglyceryl-3 Stearate, Glyceryl Stearate, Simmondsia Chinensis Seed Oil*, Tocopherol, Xanthan Gum, Glyceryl Dibehenate, Tribehenin, Glyceryl Behenate, Silver, Bisabolol, Lavandula Angustifolia Oil, Commiphora Myrrha Oil, Sodium Hydroxide, Levulinic Acid, P-Anisic Acid, Sodium Levulinate, Linalool, Limonene, Geraniol<\/p>\n<p>*Rohstoffe aus kontrolliert biologischem Anbau<\/p>\n<p><strong>Beruhige, sch\u00fctze und stabilisiere deine Haut nachhaltig \u2013 mit der Silbercreme von SwissVitalWorld f\u00fcr ein ausgeglichenes, gepflegtes Hautgef\u00fchl.<\/p>\n<p>Mehr erfahren? Dann schau dir unser Produktvideo an oder informiere dich in unserem thematisch passenden Fachartikel.<\/strong><\/p>\n","protected":false},"excerpt":{"rendered":"<p><strong>Silbercreme \u2013 Deine L\u00f6sung f\u00fcr reine, beruhigte Haut<\/strong><\/p>\n<p>Die Silbercreme von SwissVitalWorld wurde speziell f\u00fcr <strong>empfindliche, zu R\u00f6tungen neigende, unreine oder strapazierte Haut<\/strong> entwickelt. Die ausgewogene Formulierung unterst\u00fctzt die nat\u00fcrliche Hautbalance, beruhigt irritierte Hautpartien und f\u00f6rdert ihre Regeneration. Feine <strong>Silber-Mikropartikel<\/strong> legen sich sch\u00fctzend auf die Haut und tragen dazu bei, ihr <strong>nat\u00fcrliches Gleichgewicht<\/strong> wiederherzustellen.<\/p>\n<p>Silber gilt seit jeher als bew\u00e4hrter Wirkstoff bei Hautunreinheiten, Irritationen und kleinen, oberfl\u00e4chlichen Hautverletzungen. Es wirkt <strong>antibakteriell, lindert Juckreiz<\/strong> und hilft, die <strong>Ausbreitung von Aknebakterien zu hemmen<\/strong>. Bei regelm\u00e4ssiger Anwendung k\u00f6nnen Pickel, Mitesser und R\u00f6tungen sichtbar reduziert werden, w\u00e4hrend sich das Hautbild insgesamt beruhigt und ausgeglichener zeigt.<\/p>\n<p><strong>Anwendung:<\/strong> Einfach auf die gereinigte Haut auftragen und sanft einmassieren.<\/p>\n<p><strong>Inhalt:<\/strong>\u00a0100 ml<\/p>\n<p><strong>G\u00f6nn deiner Haut die Pflege, die sie verdient!<\/strong> Erlebe in nur wenigen Tagen ein v\u00f6llig neues Hautgef\u00fchl.<\/p>\n[video3q id=\"a605c75e-0fd4-4d8e-9283-ba787fb7b3fe\"]\n","protected":false},"featured_media":463,"template":"","meta":{"_acf_changed":false},"product_brand":[],"product_cat":[49],"product_tag":[],"class_list":{"0":"post-465","1":"product","2":"type-product","3":"status-publish","4":"has-post-thumbnail","6":"product_cat-kosmetik","8":"first","9":"instock","10":"taxable","11":"shipping-taxable","12":"purchasable","13":"product-type-simple"},"acf":[],"_links":{"self":[{"href":"https:\/\/vitalworld.com\/ch\/wp-json\/wp\/v2\/product\/465","targetHints":{"allow":["GET"]}}],"collection":[{"href":"https:\/\/vitalworld.com\/ch\/wp-json\/wp\/v2\/product"}],"about":[{"href":"https:\/\/vitalworld.com\/ch\/wp-json\/wp\/v2\/types\/product"}],"wp:featuredmedia":[{"embeddable":true,"href":"https:\/\/vitalworld.com\/ch\/wp-json\/wp\/v2\/media\/463"}],"wp:attachment":[{"href":"https:\/\/vitalworld.com\/ch\/wp-json\/wp\/v2\/media?parent=465"}],"wp:term":[{"taxonomy":"product_brand","embeddable":true,"href":"https:\/\/vitalworld.com\/ch\/wp-json\/wp\/v2\/product_brand?post=465"},{"taxonomy":"product_cat","embeddable":true,"href":"https:\/\/vitalworld.com\/ch\/wp-json\/wp\/v2\/product_cat?post=465"},{"taxonomy":"product_tag","embeddable":true,"href":"https:\/\/vitalworld.com\/ch\/wp-json\/wp\/v2\/product_tag?post=465"}],"curies":[{"name":"wp","href":"https:\/\/api.w.org\/{rel}","templated":true}]}}