{"id":468,"date":"2025-11-26T20:35:32","date_gmt":"2025-11-26T19:35:32","guid":{"rendered":"https:\/\/vitalworld.com\/ch\/produkt\/kakao-getraenkepulver-nachfueller\/"},"modified":"2026-01-22T17:00:59","modified_gmt":"2026-01-22T16:00:59","slug":"kakao-getraenkepulver-nachfueller","status":"publish","type":"product","link":"https:\/\/vitalworld.com\/ch\/produkt\/kakao-getraenkepulver-nachfueller\/","title":{"rendered":"Kakao Getr\u00e4nkepulver Nachf\u00fcller"},"content":{"rendered":"<h3><strong>Ausgewogener Kakao nach dem Prinzip der F\u00fcnf Elemente<\/strong><\/h3>\n<p>&nbsp;<\/p>\n<p>Kakao-Momente, die Ruhe und Geborgenheit schenken: <strong>Fein schokoladiger Geschmack<\/strong> verbindet sich mit einer ausgewogenen Komposition aus w\u00e4rmenden Gew\u00fcrzen und ausgew\u00e4hlten Kr\u00e4utern.<\/p>\n<p>Die Rezeptur orientiert sich an der <strong>F\u00fcnf-Elemente-Lehre<\/strong>, bei der die f\u00fcnf Geschmacksrichtungen s\u00fcss, sauer, bitter, salzig und scharf in ein harmonisches Gleichgewicht gebracht werden. So entsteht ein Kakaogetr\u00e4nk mit Tiefe, W\u00e4rme und ausgewogener W\u00fcrze, das K\u00f6rper und Sinne anspricht.<\/p>\n<p>Hergestellt aus sorgf\u00e4ltig ausgew\u00e4hlten, <strong>nat\u00fcrlichen Zutaten<\/strong> ist das Kakao-Getr\u00e4nkepulver <strong>vegan und frei von k\u00fcnstlichen Aromen, Farb- und Konservierungsstoffen.<\/strong> Eine ehrliche Mischung f\u00fcr bewussten Genuss und entspannte Auszeiten im Alltag.<\/p>\n<p>&nbsp;<\/p>\n<p><strong>Vegan zertifiziert<\/strong><br \/>\n<strong>In der Schweiz hergestellt<\/strong><\/p>\n<p><strong><span class=\"extra\"><span class=\"regular\">Inhaltsstoffe: <\/span><\/span><\/strong>Roh-Rohrzucker, Kakaopulver, Zimt, Vanillin, <strong>S\u00fcssholz<\/strong>, Fenchel, Kardamom, Kurkuma, Zitronenpulver, Thymian, Ingwer, Muskatnuss, Kristallsalz<\/p>\n<p><strong>Hinweis:<\/strong> Enth\u00e4lt S\u00fcssholz \u2013 bei hohem Blutdruck \u00fcberm\u00e4ssigen Verzehr vermeiden.<\/p>\n<p><strong>N\u00e4hrwerte:<\/strong><\/p>\n<p>N\u00e4hrwerte pro 100 g \/ eine Portion = 7 g<\/p>\n<p>Energie kj 1430 \/ 100<\/p>\n<p>Energie kcal 340 \/ 23<\/p>\n<p>Fett g 3,5 \/ 0,24<\/p>\n<p>&#8211; davon ges\u00e4ttigte g 1,3 \/ &lt;0,1<\/p>\n<p>Kohlenhydrate g 69 \/ 4,8<\/p>\n<p>&#8211; davon Zucker g 65 \/ 4,6<\/p>\n<p>Eiweiss g 7,5 \/ 0,5<\/p>\n<p>Salz g &lt;0,1 \/ &lt;0,1<\/p>\n<p><strong>Lagerung:<\/strong> Vor Licht gesch\u00fctzt, trocken und bei Raumtemperatur lagern. Stehts gut verschliessen.<\/p>\n<p>G\u00f6nn dir eine Tasse wohltuender W\u00e4rme \u2013 f\u00fcr bewusste Kakaomomente mit Tiefe und Balance.<\/p>\n<p>&nbsp;<\/p>\n<p><strong>Mehr erfahren? Dann schau dir unser Produktvideo an oder informiere dich in unserem thematisch passenden Fachartikel.<\/strong><\/p>\n","protected":false},"excerpt":{"rendered":"<p><strong>Kakao-Getr\u00e4nkepulver \u2013 w\u00e4rmender Genuss mit Tiefe<\/strong><\/p>\n<p>Zarter Kakao trifft auf eine fein abgestimmte Mischung aus w\u00e4rmenden Gew\u00fcrzen und ausgew\u00e4hlten Kr\u00e4utern. Dieses <strong>Kakao Getr\u00e4nkepulver von SwissVitalWorld<\/strong> steht f\u00fcr intensiven, runden Geschmack und einen Genussmoment, der K\u00f6rper und Sinne anspricht. Inspiriert von der <strong>F\u00fcnf-Elemente-Lehre<\/strong> entfaltet sich eine harmonische Komposition, die ausgleichend wirkt und von innen w\u00e4rmt.<\/p>\n<p>Ob am Morgen als behaglicher Start in den Tag oder am Abend als ruhiger Ausklang \u2013 der fein schokoladige Charakter sorgt f\u00fcr ein Gef\u00fchl von Geborgenheit und Entspannung. Ein Getr\u00e4nk, das nicht nur schmeckt, sondern bewusst genossen werden m\u00f6chte.<\/p>\n<p><strong>Das Kakao-Getr\u00e4nkepulver l\u00e4sst sich vielseitig zubereiten:<\/strong>\u00a0heiss oder kalt, mit Milch, Pflanzendrink oder Wasser. Die Intensit\u00e4t bestimmst du selbst, ganz nach pers\u00f6nlichem Geschmack. Ideal f\u00fcr bewusste Genussmomente im Alltag und f\u00fcr die ganze Familie geeignet.<\/p>\n<p><strong>Inhalt:<\/strong> 500 g<\/p>\n<p>Vollmundiger Kakaogenuss f\u00fcr jeden Tag!<\/p>\n[video3q id=\"b74d9da2-68df-4de8-a384-b42ab41c7237\"]\n<div id=\"deployment-287efefd-4f42-4c96-a2b8-1cc1b006af8c\"><\/div>\n","protected":false},"featured_media":466,"template":"","meta":{"_acf_changed":false},"product_brand":[],"product_cat":[46],"product_tag":[],"class_list":{"0":"post-468","1":"product","2":"type-product","3":"status-publish","4":"has-post-thumbnail","6":"product_cat-kaffee-and-kakao","8":"first","9":"instock","10":"taxable","11":"shipping-taxable","12":"purchasable","13":"product-type-simple"},"acf":[],"_links":{"self":[{"href":"https:\/\/vitalworld.com\/ch\/wp-json\/wp\/v2\/product\/468","targetHints":{"allow":["GET"]}}],"collection":[{"href":"https:\/\/vitalworld.com\/ch\/wp-json\/wp\/v2\/product"}],"about":[{"href":"https:\/\/vitalworld.com\/ch\/wp-json\/wp\/v2\/types\/product"}],"wp:featuredmedia":[{"embeddable":true,"href":"https:\/\/vitalworld.com\/ch\/wp-json\/wp\/v2\/media\/466"}],"wp:attachment":[{"href":"https:\/\/vitalworld.com\/ch\/wp-json\/wp\/v2\/media?parent=468"}],"wp:term":[{"taxonomy":"product_brand","embeddable":true,"href":"https:\/\/vitalworld.com\/ch\/wp-json\/wp\/v2\/product_brand?post=468"},{"taxonomy":"product_cat","embeddable":true,"href":"https:\/\/vitalworld.com\/ch\/wp-json\/wp\/v2\/product_cat?post=468"},{"taxonomy":"product_tag","embeddable":true,"href":"https:\/\/vitalworld.com\/ch\/wp-json\/wp\/v2\/product_tag?post=468"}],"curies":[{"name":"wp","href":"https:\/\/api.w.org\/{rel}","templated":true}]}}