{"id":399,"date":"2025-11-27T20:37:12","date_gmt":"2025-11-27T19:37:12","guid":{"rendered":"https:\/\/vitalworld.com\/de\/produkt\/bambus-zahnpasta\/"},"modified":"2026-05-11T15:22:01","modified_gmt":"2026-05-11T13:22:01","slug":"bambus-zahnpasta","status":"publish","type":"product","link":"https:\/\/vitalworld.com\/de\/produkt\/bambus-zahnpasta\/","title":{"rendered":"Bambus Zahnpasta"},"content":{"rendered":"<p><strong>Bambus Zahnpasta \u2013 Nat\u00fcrlich strahlend weisse Z\u00e4hne. Sp\u00fcrbar frischer Atem.<\/strong><\/p>\n<p>Erlebe die Kraft der Natur bei deiner t\u00e4glichen Zahnpflege! Die <strong>Bambus Zahnpasta von SwissVitalWorld<\/strong> kombiniert die <strong>aktive Ionenreinigung<\/strong> der <strong>Bambuskohle<\/strong> mit ihrer hohen <strong>Adsorptionskraft<\/strong>, um hartn\u00e4ckige Verf\u00e4rbungen durch Kaffee, Tee oder Nikotin sanft, aber effektiv zu entfernen.<\/p>\n<p>Die <strong>vegane, fluoridfreie Formel<\/strong> reinigt gr\u00fcndlich, sch\u00fctzt das Zahnfleisch und bewahrt das nat\u00fcrliche Gleichgewicht der Mundflora. So sorgt sie nicht nur f\u00fcr <strong>sichtbar weissere Z\u00e4hne<\/strong>, sondern auch f\u00fcr ein <strong>gesundes, vitales Mundgef\u00fchl<\/strong> \u2013 jeden Tag.<\/p>\n<p>\u2013 Entfernt Verf\u00e4rbungen auf nat\u00fcrliche Weise<br \/>\n\u2013 Unterst\u00fctzt das nat\u00fcrliche Zahnweiss<br \/>\n\u2013 Sch\u00fctzt und pflegt Z\u00e4hne &amp; Zahnfleisch<br \/>\n\u2013 Sorgt f\u00fcr langanhaltende Frische<br \/>\n\u2013 100 % vegan &amp; fluoridfrei<\/p>\n<p><strong>Inhaltsstoffe: <\/strong>Water, Bamboo Charcoal C Active Ion, Bamboo Charcoal Powder, Holly Plant, Pearl Calcium Powder, Natural Plant Extract, Calcium Carbonate, Hydrated Silica, Food Flavor, Cellulose Gum, Glycerin, Sorbitol<\/p>\n<p>Gib deiner Mundpflege ein Upgrade \u2013 <strong>jetzt Bambus Zahnpasta entdecken und dein L\u00e4cheln entfalten!<\/strong><\/p>\n<p><strong>Mehr erfahren? Dann schau dir unser Produktvideo an oder informiere dich in unserem thematisch passenden Fachartikel.<\/strong><\/p>\n","protected":false},"excerpt":{"rendered":"<p><strong>Bambus Zahnpasta \u2013 Sanfte Whitening-Power aus der Natur<\/strong><\/p>\n<p><strong>Erlebe t\u00e4glich sp\u00fcrbar reine Z\u00e4hne und langanhaltende Frische:<\/strong> Die Bambus Zahnpasta von SwissVitalWorld nutzt die Reinigungskraft aktivierter Bambuskohle, um Verf\u00e4rbungen schonend zu l\u00f6sen und das natu\u0308rliche Zahnweiss Schritt fu\u0308r Schritt zu unterst\u00fctzen. Die fluoridfreie, vegane Formel reinigt gr\u00fcndlich, bek\u00e4mpft Plaque und f\u00f6rdert eine stabile Mundflora \u2013 f\u00fcr gesund wirkende Z\u00e4hne und gepflegtes Zahnfleisch.<\/p>\n<p>Die feine Textur sorgt f\u00fcr ein sauberes, glattes Zahngef\u00fchl. Ideal bei Kaffee-, Tee- oder Nikotinbelag und perfekt f\u00fcr die t\u00e4gliche Reinigungs-Routine. Angenehme Frische rundet das Putzerlebnis ab, damit du dich den ganzen Tag \u00fcber sicher f\u00fchlst.<\/p>\n<p><strong>Inhalt:<\/strong> 160 g<\/p>\n<p>Jetzt entdecken und dein strahlendstes L\u00e4cheln entfalten!<\/p>\n[video3q id=\"86ecfaf4-09af-44c8-aca4-0f40cec45b54\"]\n","protected":false},"featured_media":396,"template":"","meta":{"_acf_changed":false},"product_brand":[],"product_cat":[54,49],"product_tag":[],"class_list":{"0":"post-399","1":"product","2":"type-product","3":"status-publish","4":"has-post-thumbnail","6":"product_cat-bambus","7":"product_cat-kosmetik","9":"first","10":"instock","11":"featured","12":"taxable","13":"shipping-taxable","14":"purchasable","15":"product-type-simple"},"acf":[],"_links":{"self":[{"href":"https:\/\/vitalworld.com\/de\/wp-json\/wp\/v2\/product\/399","targetHints":{"allow":["GET"]}}],"collection":[{"href":"https:\/\/vitalworld.com\/de\/wp-json\/wp\/v2\/product"}],"about":[{"href":"https:\/\/vitalworld.com\/de\/wp-json\/wp\/v2\/types\/product"}],"wp:featuredmedia":[{"embeddable":true,"href":"https:\/\/vitalworld.com\/de\/wp-json\/wp\/v2\/media\/396"}],"wp:attachment":[{"href":"https:\/\/vitalworld.com\/de\/wp-json\/wp\/v2\/media?parent=399"}],"wp:term":[{"taxonomy":"product_brand","embeddable":true,"href":"https:\/\/vitalworld.com\/de\/wp-json\/wp\/v2\/product_brand?post=399"},{"taxonomy":"product_cat","embeddable":true,"href":"https:\/\/vitalworld.com\/de\/wp-json\/wp\/v2\/product_cat?post=399"},{"taxonomy":"product_tag","embeddable":true,"href":"https:\/\/vitalworld.com\/de\/wp-json\/wp\/v2\/product_tag?post=399"}],"curies":[{"name":"wp","href":"https:\/\/api.w.org\/{rel}","templated":true}]}}