{"id":427,"date":"2025-11-22T12:08:55","date_gmt":"2025-11-22T11:08:55","guid":{"rendered":"https:\/\/vitalworld.com\/de\/produkt\/hyaluron-handcreme\/"},"modified":"2026-05-02T08:22:02","modified_gmt":"2026-05-02T06:22:02","slug":"hyaluron-handcreme","status":"publish","type":"product","link":"https:\/\/vitalworld.com\/de\/produkt\/hyaluron-handcreme\/","title":{"rendered":"Hyaluron Handcreme"},"content":{"rendered":"<p><strong>Hyaluron Handcreme \u2013 Intensive Pflege f\u00fcr samtweiche H\u00e4nde<\/strong><\/p>\n<p>Verw\u00f6hne deine H\u00e4nde mit der <strong>Hyaluron Handcreme von SwissVitalWorld<\/strong> \u2013 der perfekten Kombination aus <strong>intensiver Feuchtigkeit und wirksamem Schutz<\/strong>. Unsere innovative Wirkstoffformel versorgt die Haut sofort mit Feuchtigkeit, sch\u00fctzt sie vor dem Austrocknen und unterst\u00fctzt die nat\u00fcrliche <strong>Repairfunktion<\/strong> der Haut \u2013 ideal, selbst bei h\u00e4ufigem H\u00e4ndewaschen.<\/p>\n<p>Hochwertiges <strong>Hyaluron<\/strong> gl\u00e4ttet, strafft und polstert die Haut sichtbar auf, w\u00e4hrend Sheabutter und Panthenol f\u00fcr ein <strong>weiches, geschmeidiges Hautgef\u00fchl<\/strong> sorgen. F\u00fcr H\u00e4nde, die sich gepflegt und zart anf\u00fchlen.<\/p>\n<p><span class=\"extra\"><strong><span class=\"regular\">Inhaltsstoffe: <\/span><\/strong>Aqua (Water), Glycerin, Cetearyl Isononanoate, Cetearyl Alcohol, Butyrospermum Parkii (Shea) Butter, Glyceryl Stearate SE, Hydrogenated Polydecene, Sorbitol, Dimethicone, Sodium Cetearyl Sulfate, Panthenol, Sodium Hyaluronate, Hamamelis Virginiana (Witch Hazel) Leaf Water, Tocopheryl Acetate, Hexylene Glycol, Allantoin, Fructose, Glucose, Ethylhexylglycerin, Alcohol Denat., Dextrin, Sucrose, Urea, Alanine, Aspartic Acid, Glutamic Acid, Hexyl Nicotinate, Parfum, Phenoxyethanol, Citric Acid <\/span><\/p>\n<p><strong>Deine H\u00e4nde verdienen die beste Pflege \u2013 g\u00f6nn ihnen Hyaluron-Power!<\/strong><\/p>\n<p>&nbsp;<\/p>\n<p><strong>Mehr erfahren? Dann schau dir unser Produktvideo an oder informiere dich in unserem thematisch passenden Fachartikel.<\/strong><\/p>\n<p>&nbsp;<\/p>\n","protected":false},"excerpt":{"rendered":"<p><strong>Hyaluron Handcreme \u2013 Feuchtigkeit, Schutz und Repair-Power f\u00fcr jeden Tag<\/strong><\/p>\n<p><strong>G\u00f6nne deinen H\u00e4nden eine Extraportion Pflege:<\/strong> Diese Handcreme versorgt sofort und langanhaltend mit Feuchtigkeit, sch\u00fctzt zuverl\u00e4ssig vor Austrocknung und unterst\u00fctzt die nat\u00fcrliche Regeneration der Haut \u2013 ideal auch bei h\u00e4ufigem H\u00e4ndewaschen. Die Textur zieht schnell ein, fettet nicht und hinterl\u00e4sst ein seidig-weiches Hautgef\u00fchl.<\/p>\n<p>Hyaluron gl\u00e4ttet feine Linien sichtbar, polstert die Haut von innen auf und verbessert die Elastizit\u00e4t. Die <span class=\"default\">innovativen Wirkstoffformel<\/span> beruhigt strapazierte Haut und f\u00f6rdert ein geschmeidiges, gepflegtes Erscheinungsbild \u2013 f\u00fcr H\u00e4nde, die sich Tag f\u00fcr Tag zart und widerstandsf\u00e4hig anf\u00fchlen.<\/p>\n<p><span class=\"extra\"><span class=\"regular\"><strong>Anwendung:<\/strong> <\/span>T\u00e4glich mehrmals (optimal nach dem H\u00e4ndewaschen) auftragen und gleichm\u00e4ssig einmassieren. <\/span><\/p>\n<p><strong>Inhalt:<\/strong> 50 ml<\/p>\n<p>Jetzt entdecken und deine H\u00e4nde verw\u00f6hnen!<\/p>\n[video3q id=\"87cbc38d-011f-45ac-9ff2-a65437065f6d\"]\n","protected":false},"featured_media":425,"template":"","meta":{"_acf_changed":false},"product_brand":[],"product_cat":[49],"product_tag":[],"class_list":{"0":"post-427","1":"product","2":"type-product","3":"status-publish","4":"has-post-thumbnail","6":"product_cat-kosmetik","8":"first","9":"instock","10":"taxable","11":"shipping-taxable","12":"purchasable","13":"product-type-simple"},"acf":[],"_links":{"self":[{"href":"https:\/\/vitalworld.com\/de\/wp-json\/wp\/v2\/product\/427","targetHints":{"allow":["GET"]}}],"collection":[{"href":"https:\/\/vitalworld.com\/de\/wp-json\/wp\/v2\/product"}],"about":[{"href":"https:\/\/vitalworld.com\/de\/wp-json\/wp\/v2\/types\/product"}],"wp:featuredmedia":[{"embeddable":true,"href":"https:\/\/vitalworld.com\/de\/wp-json\/wp\/v2\/media\/425"}],"wp:attachment":[{"href":"https:\/\/vitalworld.com\/de\/wp-json\/wp\/v2\/media?parent=427"}],"wp:term":[{"taxonomy":"product_brand","embeddable":true,"href":"https:\/\/vitalworld.com\/de\/wp-json\/wp\/v2\/product_brand?post=427"},{"taxonomy":"product_cat","embeddable":true,"href":"https:\/\/vitalworld.com\/de\/wp-json\/wp\/v2\/product_cat?post=427"},{"taxonomy":"product_tag","embeddable":true,"href":"https:\/\/vitalworld.com\/de\/wp-json\/wp\/v2\/product_tag?post=427"}],"curies":[{"name":"wp","href":"https:\/\/api.w.org\/{rel}","templated":true}]}}