{"id":433,"date":"2025-11-22T12:08:55","date_gmt":"2025-11-22T11:08:55","guid":{"rendered":"https:\/\/vitalworld.com\/de\/produkt\/bambus-vitalseife\/"},"modified":"2026-05-11T16:22:01","modified_gmt":"2026-05-11T14:22:01","slug":"bambus-vitalseife","status":"publish","type":"product","link":"https:\/\/vitalworld.com\/de\/produkt\/bambus-vitalseife\/","title":{"rendered":"Bambus Vitalseife"},"content":{"rendered":"<p><strong>Bambus Vitalseife \u2013 die nat\u00fcrliche Kraft f\u00fcr reine, vitale Haut<\/strong><\/p>\n<p>Erlebe t\u00e4glich das Gef\u00fchl reiner, lebendiger Haut! Die <strong>Bambus Vitalseife<\/strong> vereint die reinigende Kraft <strong>bioaktiver Bambuskohle<\/strong> mit der pflegenden Wirkung <strong>kaltgepressten Oliven\u00f6ls<\/strong> und wertvoller Pflanzenextrakte.<\/p>\n<p>Ihre <strong>stark basische Formel<\/strong> reguliert das nat\u00fcrliche Gleichgewicht der Haut und aktiviert die <strong>Osmose \u2013 die nat\u00fcrliche Ausleitung der Haut<\/strong>. So wird deine Haut nicht nur gr\u00fcndlich gereinigt, sondern f\u00fchlt sich auch geschmeidig, frisch und sichtbar belebt an.<\/p>\n<p><strong>Vielseitig im Alltag:<\/strong> F\u00fcr die t\u00e4gliche Reinigung von Gesicht und K\u00f6rper. Als Maske angewendet intensiviert sie die Tiefenreinigung und der feine Schaum eignet sich hervorragend f\u00fcr eine sanfte Rasur. F\u00fcr das perfekte Ergebnis nach dem Absp\u00fclen Feuchtigkeitspflege auftragen.<br \/>\n<strong><br \/>\nInhaltsstoffe:<\/strong> Bamboo Charcoal, Glycerin, Olea Europaea Fruit Oil, Decyl Glucoside, Amino Acid Extract, Tocopherol<\/p>\n<p><strong>Erlebe die pure Balance f\u00fcr deine Haut \u2013 nat\u00fcrlich, sanft und wirksam.<\/strong><\/p>\n<p><strong>Jetzt ausprobieren und deine Haut neu entdecken!<\/strong><\/p>\n","protected":false},"excerpt":{"rendered":"<p><strong>Bambus Vitalseife \u2013 Basische Reinigung f\u00fcr sichtbar vitale Haut<\/strong><\/p>\n<p>Erlebe jeden Tag das Gef\u00fchl von reiner, geschmeidiger und lebendiger Haut. Die Bambus Vitalseife aktiviert mit ihrer stark basischen Eigenschaften die nat\u00fcrliche Osmose der Haut. Der cremige Schaum reinigt gr\u00fcndlich, ohne auszutrocknen und verleiht ein angenehm weiches Hautgef\u00fchl \u2013 ideal auch f\u00fcr empfindliche oder gestresste Haut.<\/p>\n<p><strong>Anwendung:<\/strong><br \/>\nIn den feuchten H\u00e4nden aufsch\u00e4umen, den cremigen Schaum gleichm\u00e4\u00dfig auf der Haut verteilen, kurz einwirken lassen und mit klarem Wasser absp\u00fclen. Danach Feuchtigkeitspflege auftragen f\u00fcr ein rundum gutes Hautgef\u00fchl.<\/p>\n<p><strong>Inhalt:<\/strong> 100 g<\/p>\n[video3q id=\"ae0177af-6398-476b-b02f-7a8d185bed49\"]\n","protected":false},"featured_media":428,"template":"","meta":{"_acf_changed":false},"product_brand":[],"product_cat":[54,49],"product_tag":[],"class_list":{"0":"post-433","1":"product","2":"type-product","3":"status-publish","4":"has-post-thumbnail","6":"product_cat-bambus","7":"product_cat-kosmetik","9":"first","10":"instock","11":"taxable","12":"shipping-taxable","13":"purchasable","14":"product-type-simple"},"acf":[],"_links":{"self":[{"href":"https:\/\/vitalworld.com\/de\/wp-json\/wp\/v2\/product\/433","targetHints":{"allow":["GET"]}}],"collection":[{"href":"https:\/\/vitalworld.com\/de\/wp-json\/wp\/v2\/product"}],"about":[{"href":"https:\/\/vitalworld.com\/de\/wp-json\/wp\/v2\/types\/product"}],"wp:featuredmedia":[{"embeddable":true,"href":"https:\/\/vitalworld.com\/de\/wp-json\/wp\/v2\/media\/428"}],"wp:attachment":[{"href":"https:\/\/vitalworld.com\/de\/wp-json\/wp\/v2\/media?parent=433"}],"wp:term":[{"taxonomy":"product_brand","embeddable":true,"href":"https:\/\/vitalworld.com\/de\/wp-json\/wp\/v2\/product_brand?post=433"},{"taxonomy":"product_cat","embeddable":true,"href":"https:\/\/vitalworld.com\/de\/wp-json\/wp\/v2\/product_cat?post=433"},{"taxonomy":"product_tag","embeddable":true,"href":"https:\/\/vitalworld.com\/de\/wp-json\/wp\/v2\/product_tag?post=433"}],"curies":[{"name":"wp","href":"https:\/\/api.w.org\/{rel}","templated":true}]}}