{"id":439,"date":"2025-11-22T12:08:44","date_gmt":"2025-11-22T11:08:44","guid":{"rendered":"https:\/\/vitalworld.com\/de\/produkt\/kaffeeveredler-amaretto\/"},"modified":"2026-04-19T06:22:02","modified_gmt":"2026-04-19T04:22:02","slug":"kaffeeveredler-amaretto","status":"publish","type":"product","link":"https:\/\/vitalworld.com\/de\/produkt\/kaffeeveredler-amaretto\/","title":{"rendered":"Kaffeeveredler Amaretto"},"content":{"rendered":"<h2><strong>Kaffeeveredler Amaretto \u2013 Verleihe deinem Kaffee das gewisse Etwas<\/strong><\/h2>\n<p>&nbsp;<\/p>\n<p>Erlebe mit dem <strong>Kaffeeveredler Amaretto von SwissVitalWorld<\/strong> eine ganz neue Dimension des Kaffeegenusses. Inspiriert von orientalischen Traditionen, in denen edle Gew\u00fcrze und Kr\u00e4uter den Kaffee verfeinern, vereint unsere Rezeptur die harmonische S\u00fc\u00dfe von <strong>Amaretto<\/strong> mit feinen Gew\u00fcrznoten zu einem au\u00dfergew\u00f6hnlichen Geschmackserlebnis.<\/p>\n<p>Das Ergebnis: Ein <strong>runder, aromatischer Kaffee<\/strong>, der nicht nur verf\u00fchrt, sondern auch <strong>besonders bek\u00f6mmlich<\/strong> ist \u2013 und dabei bleibt das nat\u00fcrliche Koffein vollst\u00e4ndig erhalten.<\/p>\n<p>&nbsp;<\/p>\n<p><strong>Vegan zertifiziert<\/strong><br \/>\n<strong>In der Schweiz hergestellt<\/strong><\/p>\n<p><span class=\"extra\"><strong><span class=\"regular\">Inhaltsstoffe: <\/span><\/strong>Roh-Rohrzucker, naturbelassenes Kakaopulver, Amarettoaroma, Vanillin, Chilischoten, Zitronenpulver, Ingwer, Thymian, Anis, Piment, schwarzer Pfeffer, Kurkuma, Galgant, Kristallsalz <\/span><\/p>\n<p><strong> N\u00e4hrwerte:<\/strong><br \/>\nN\u00e4hrwerte \/ pro 100 g \/ pro 5 g<\/p>\n<p>Energie kj \/ 1620 \/ 19<\/p>\n<p>Energie kcal \/ 390 \/ 32,1<\/p>\n<p>Fett \/ 1,68 g \/ &lt;0,1 g<\/p>\n<p>&#8211; davon ges. \/ 0,9 g \/ &lt;0,1 g<\/p>\n<p>Kohlenhydrate \/ 91,5 g \/ 4,5 g<\/p>\n<p>&#8211; davon Zucker \/ 87 g \/ 4,3 g<\/p>\n<p>Eiweiss \/ 1,5 g \/ &lt;0,1 g<\/p>\n<p>Salz \/ &lt;0,1 g \/ &lt;0,1 g<\/p>\n<p><strong>Lagerung:<\/strong> Vor Licht gesch\u00fctzt, trocken und bei Raumtemperatur lagern. Stehts gut verschliessen.<\/p>\n<p><strong>Ob Cappuccino, Espresso oder Latte Macchiato \u2013 mit nur einem Teel\u00f6ffel unseres Kaffeeveredlers verwandelst du jede Tasse in einen Moment puren Genusses.<\/strong><\/p>\n<p>&nbsp;<br \/>\n<strong>Mehr erfahren? Dann schau dir unser Produktvideo an oder informiere dich in unserem thematisch passenden Fachartikel.<\/strong><\/p>\n","protected":false},"excerpt":{"rendered":"<p><strong>Kaffeeveredler Amaretto \u2013 Dein Feinschliff f\u00fcr jeden Kaffee<\/strong><\/p>\n<p><strong>Orientalisch inspiriert, modern interpretiert:<\/strong> Verleiht deinem Kaffee die sanfte S\u00fc\u00dfe und Mandelnote von Amaretto. Harmonisch ausbalanciert und aromatisch rund.<\/p>\n<p><strong>Genuss, der gut tut:<\/strong> Macht deinen Kaffee sp\u00fcrbar bek\u00f6mmlicher. Die belebende Wirkung des Koffeins bleibt erhalten.<\/p>\n<p><strong>Passt zu jeder Zubereitung:<\/strong>\u00a0Ideal f\u00fcr Cappuccino, Espresso, Latte Macchiato, Filterkaffee \u2013 warm wie kalt ein besonderes Geschmacks-Upgrade.<\/p>\n<p><strong>Einfach gemacht:<\/strong> 1\u20132 Teel\u00f6ffel (ca. 5 g) in den frisch gebr\u00fchten Kaffee geben, kurz umr\u00fchren und 1 Minute ziehen lassen. Fertig ist dein veredelter Genussmoment.<\/p>\n<p><strong>Inhalt:<\/strong> 150 g, reicht f\u00fcr ca. 30 Tassen.<\/p>\n<p>Jetzt probieren und jede Tasse Kaffee mit vollen Sinnen geniessen.<\/p>\n<p>&nbsp;<\/p>\n[video3q id=\"ee0d292d-6b89-4558-82a5-4179952ab084\"]\n","protected":false},"featured_media":437,"template":"","meta":{"_acf_changed":false},"product_brand":[],"product_cat":[46],"product_tag":[],"class_list":{"0":"post-439","1":"product","2":"type-product","3":"status-publish","4":"has-post-thumbnail","6":"product_cat-kaffee-and-kakao","8":"first","9":"instock","10":"taxable","11":"shipping-taxable","12":"purchasable","13":"product-type-simple"},"acf":[],"_links":{"self":[{"href":"https:\/\/vitalworld.com\/de\/wp-json\/wp\/v2\/product\/439","targetHints":{"allow":["GET"]}}],"collection":[{"href":"https:\/\/vitalworld.com\/de\/wp-json\/wp\/v2\/product"}],"about":[{"href":"https:\/\/vitalworld.com\/de\/wp-json\/wp\/v2\/types\/product"}],"wp:featuredmedia":[{"embeddable":true,"href":"https:\/\/vitalworld.com\/de\/wp-json\/wp\/v2\/media\/437"}],"wp:attachment":[{"href":"https:\/\/vitalworld.com\/de\/wp-json\/wp\/v2\/media?parent=439"}],"wp:term":[{"taxonomy":"product_brand","embeddable":true,"href":"https:\/\/vitalworld.com\/de\/wp-json\/wp\/v2\/product_brand?post=439"},{"taxonomy":"product_cat","embeddable":true,"href":"https:\/\/vitalworld.com\/de\/wp-json\/wp\/v2\/product_cat?post=439"},{"taxonomy":"product_tag","embeddable":true,"href":"https:\/\/vitalworld.com\/de\/wp-json\/wp\/v2\/product_tag?post=439"}],"curies":[{"name":"wp","href":"https:\/\/api.w.org\/{rel}","templated":true}]}}