{"id":445,"date":"2025-11-22T12:08:44","date_gmt":"2025-11-22T11:08:44","guid":{"rendered":"https:\/\/vitalworld.com\/de\/produkt\/kaffeeveredler-vanille-nachfueller\/"},"modified":"2026-05-02T01:22:02","modified_gmt":"2026-05-01T23:22:02","slug":"kaffeeveredler-vanille-nachfueller","status":"publish","type":"product","link":"https:\/\/vitalworld.com\/de\/produkt\/kaffeeveredler-vanille-nachfueller\/","title":{"rendered":"Kaffeeveredler Vanille Nachf\u00fcller"},"content":{"rendered":"<p><strong>Kaffeeveredler Vanille \u2013 orientalisch inspiriert, harmonisch veredelt<\/strong><\/p>\n<p>Erlebe deinen Kaffee neu: Der Kaffeeveredler Vanille von SwissVitalWorld vereint die Kunst jahrhundertealter Orient-Rituale mit einer feinen Mischung aus Gew\u00fcrzen, Kr\u00e4utern, edler Vanille und einer zarten Kakaonote. Die sorgf\u00e4ltig ausbalancierte Rezeptur macht deinen Kaffee sp\u00fcrbar bekoemmlicher. Die aktivierende Wirkung des Koffeins bleibt erhalten. So wird jede Tasse zu einem runden, aromatischen Genussmoment.<\/p>\n<p>&nbsp;<\/p>\n<p><strong>Vegan zertifiziert<\/strong><br \/>\n<strong>In der Schweiz hergestellt<\/strong><\/p>\n<p><span class=\"extra\"><strong><span class=\"regular\">Inhaltsstoffe: <\/span><\/strong>Roh-Rohrzucker, naturbelassenes Kakaopulver, Chili, Ingwer, Zitronenpulver, Thymian, Anis, Piment, schwarzer Pfeffer, Kurkuma, Galgant, Vanillepulver, Kristallsalz <\/span><\/p>\n<p><strong> N\u00e4hrwerte:<\/strong><br \/>\nN\u00e4hrwerte \/ pro 100 g \/ pro 5 g<\/p>\n<p>Energie kj \/ 1450 \/ 72<\/p>\n<p>Energie kcal \/ 350 \/ 18<\/p>\n<p>Fett \/ 1,68 g \/ 0,1 g<\/p>\n<p>\u2013 davon ges. \/ 0,1 g \/ &lt;0,1 g<\/p>\n<p>Kohlenhydrate \/ 78 g \/ 3,9 g<\/p>\n<p>\u2013 davon Zucker \/ 71 g \/ 3,5 g<\/p>\n<p>Eiweiss \/ 5,6 g \/ 0,28 g<\/p>\n<p>Salz \/ &lt;0,1 g \/ &lt;0,1 g<\/p>\n<p><strong>Lagerung:<\/strong> Vor Licht gesch\u00fctzt, trocken und bei Raumtemperatur lagern. Stehts gut verschliessen.<\/p>\n<p>&nbsp;<\/p>\n<p><strong>Mehr erfahren? Dann schau dir unser Produktvideo an oder informiere dich in unserem thematisch passenden Fachartikel.<\/strong><\/p>\n<p>&nbsp;<\/p>\n","protected":false},"excerpt":{"rendered":"<p><strong>Kaffeeveredler Vanille \u2013 Orient-inspirierte Veredelung f\u00fcr deinen Kaffee<\/strong><\/p>\n<p><strong>Mehr Genuss, mehr Balance:<\/strong> Diese fein abgestimmte Mischung mit edler Vanille und einem kr\u00e4ftigem Kakao rundet Bitterkeit sanft ab, macht deinen Kaffee sp\u00fcrbar bek\u00f6mmlicher und erh\u00e4lt gleichzeitig die belebende Wirkung des Koffeins.<\/p>\n<p><strong>Inspiriert von Tradition:<\/strong> Orientale Kaffeerituale modern interpretiert. Eine harmonische Komposition aus Gew\u00fcrzen und Kr\u00e4utern, die Wohlbefinden und Aromatiefe in Einklang bringt.<\/p>\n<p><strong>Vielseitig im Alltag:<\/strong>\u00a0Ideal f\u00fcr Cappuccino, Espresso, Latte Macchiato und Filterkaffee \u2013 warm wie kalt ein aromatisches Highlight.<\/p>\n<p><strong>Einfach in der Anwendung:<\/strong> 1\u20132 Teel\u00f6ffel (ca. 5 g) statt Zucker in den Kaffee geben, kurz umr\u00fchren und 1 Minute ziehen lassen. Schon ist dein veredelter Genussmoment bereit.<\/p>\n<p><strong>Inhalt:<\/strong> 500 g, reicht f\u00fcr ca. 100 Tassen.<\/p>\n<p>&nbsp;<\/p>\n[video3q id=\"ee0d292d-6b89-4558-82a5-4179952ab084\"]\n","protected":false},"featured_media":444,"template":"","meta":{"_acf_changed":false},"product_brand":[],"product_cat":[46],"product_tag":[],"class_list":{"0":"post-445","1":"product","2":"type-product","3":"status-publish","4":"has-post-thumbnail","6":"product_cat-kaffee-and-kakao","8":"first","9":"instock","10":"taxable","11":"shipping-taxable","12":"purchasable","13":"product-type-simple"},"acf":[],"_links":{"self":[{"href":"https:\/\/vitalworld.com\/de\/wp-json\/wp\/v2\/product\/445","targetHints":{"allow":["GET"]}}],"collection":[{"href":"https:\/\/vitalworld.com\/de\/wp-json\/wp\/v2\/product"}],"about":[{"href":"https:\/\/vitalworld.com\/de\/wp-json\/wp\/v2\/types\/product"}],"wp:featuredmedia":[{"embeddable":true,"href":"https:\/\/vitalworld.com\/de\/wp-json\/wp\/v2\/media\/444"}],"wp:attachment":[{"href":"https:\/\/vitalworld.com\/de\/wp-json\/wp\/v2\/media?parent=445"}],"wp:term":[{"taxonomy":"product_brand","embeddable":true,"href":"https:\/\/vitalworld.com\/de\/wp-json\/wp\/v2\/product_brand?post=445"},{"taxonomy":"product_cat","embeddable":true,"href":"https:\/\/vitalworld.com\/de\/wp-json\/wp\/v2\/product_cat?post=445"},{"taxonomy":"product_tag","embeddable":true,"href":"https:\/\/vitalworld.com\/de\/wp-json\/wp\/v2\/product_tag?post=445"}],"curies":[{"name":"wp","href":"https:\/\/api.w.org\/{rel}","templated":true}]}}