{"id":463,"date":"2025-11-22T12:08:44","date_gmt":"2025-11-22T11:08:44","guid":{"rendered":"https:\/\/vitalworld.com\/de\/produkt\/curry-gewuerzmischung\/"},"modified":"2026-04-30T23:22:02","modified_gmt":"2026-04-30T21:22:02","slug":"curry-gewuerzmischung","status":"publish","type":"product","link":"https:\/\/vitalworld.com\/de\/produkt\/curry-gewuerzmischung\/","title":{"rendered":"Curry Gew\u00fcrzmischung"},"content":{"rendered":"<p><strong>Curry Gew\u00fcrzmischung \u2013 Ein Hauch von Indien in deiner K\u00fcche<\/strong><\/p>\n<p>Entdecke den authentischen Geschmack Indiens mit unserer sorgf\u00e4ltig komponierten <strong>Curry Gew\u00fcrzmischung<\/strong>. Jede Prise entf\u00fchrt dich auf eine kulinarische Reise voller intensiver Aromen und harmonischer Gew\u00fcrznoten.<\/p>\n<p>Vereint man die f\u00fcnf Geschmackskomponenten s\u00fcss, sauer, bitter, salzig und scharf zu einer ausgewogenen Balance, kocht man nach dem Konzept der <strong>F\u00fcnf-Elemente-K\u00fcche<\/strong>. Augewogen nach diesem Prinzip zauberst du bek\u00f6mmliche Gerichte mit gutem Bauchgef\u00fchl und einzigartigem Geschmack.<\/p>\n<p>Unsere Gew\u00fcrze sind <strong>frei von Geschmacksverst\u00e4rkern, Konservierungsstoffen, Gluten, Glutamat und Farbstoffen.<\/strong> Wir setzen auf <strong>100 % nat\u00fcrlich und vegan<\/strong>. Entscheide dich f\u00fcr das Beste aus der Natur, mit Liebe komponiert und sorgf\u00e4ltig abgestimmt.<\/p>\n<p><strong>Vegan zertifiziert<\/strong><br \/>\n<strong>In der Schweiz hergestellt<\/strong><\/p>\n<p><strong>Inhaltsstoffe: <\/strong>Kurkuma, Kristallsalz, Korianderkorn, <strong>Gelbsenf,<\/strong> Bockshornklee, Fenchel, Knoblauch, Kreuzk\u00fcmmel, schwarzer Pfeffer, Cayennepfeffer<\/p>\n<p><strong>N\u00e4hrwerte: <\/strong>100\u2009g enthalten: Energie 1478\u2009kJ (353\u2009kcal) | Fett 9,2\u2009g davon ges. Fetts\u00e4uren 1,1\u2009g | Kohlenhydrate 46\u2009g davon Zucker 1,9\u2009g | Eiweiss 12\u2009g | Salz 0,09\u2009g<\/p>\n<p><strong>Lagerung: <\/strong>Vor Licht gesch\u00fctzt, trocken und bei Raumtemperatur lagern. Stehts gut verschliessen.<\/p>\n<p><strong>Probiere jetzt die SwissVitalWorld Curry Gew\u00fcrzmischung und bringe exotische Vielfalt in deine K\u00fcche!<\/strong><\/p>\n<p>&nbsp;<\/p>\n<p><strong>Mehr erfahren? Dann schau dir unser Produktvideo an oder informiere dich in unserem thematisch passenden Fachartikel.<\/strong><\/p>\n","protected":false},"excerpt":{"rendered":"<p><strong>Curry Gew\u00fcrzmischung \u2013 vollmundiger Geschmack und Balance<\/strong><\/p>\n<p><strong>Authentischer Geschmack: <\/strong>Jede Prise entf\u00fchrt dich in die aromatische Welt Indiens \u2013 warm, rund und harmonisch, ohne aufdringlich zu sein. Entdecke die faszinierende Welt von authentischem, mildem Curry.<\/p>\n<p><strong>Nat\u00fcrlich und vegan:<\/strong> Frei von k\u00fcnstlichen Zus\u00e4tzen f\u00fcr ein pures Geschmackserlebnis und ein bewusstes Kochen.<\/p>\n<p><strong>Universell einsetzbar: <\/strong>Perfekt f\u00fcr Curry-Gerichte, Gem\u00fcse-Wok, Reisspeisen und H\u00fclsenfr\u00fcchte, sowie Br\u00fchen, W\u00fcrzsaucen, Aufstriche und Salatdressings.<\/p>\n<p><strong>Inhalt: <\/strong>50 g<\/p>\n<p>Jetzt probieren und mit jedem Gericht die Curryvielfalt auf den Teller bringen!<\/p>\n[video3q id=\"c19e36d4-30c4-40fe-b8ea-c58bb10009a0\"]\n","protected":false},"featured_media":461,"template":"","meta":{"_acf_changed":false},"product_brand":[],"product_cat":[55],"product_tag":[],"class_list":{"0":"post-463","1":"product","2":"type-product","3":"status-publish","4":"has-post-thumbnail","6":"product_cat-gewurze","8":"first","9":"instock","10":"taxable","11":"shipping-taxable","12":"purchasable","13":"product-type-simple"},"acf":[],"_links":{"self":[{"href":"https:\/\/vitalworld.com\/de\/wp-json\/wp\/v2\/product\/463","targetHints":{"allow":["GET"]}}],"collection":[{"href":"https:\/\/vitalworld.com\/de\/wp-json\/wp\/v2\/product"}],"about":[{"href":"https:\/\/vitalworld.com\/de\/wp-json\/wp\/v2\/types\/product"}],"wp:featuredmedia":[{"embeddable":true,"href":"https:\/\/vitalworld.com\/de\/wp-json\/wp\/v2\/media\/461"}],"wp:attachment":[{"href":"https:\/\/vitalworld.com\/de\/wp-json\/wp\/v2\/media?parent=463"}],"wp:term":[{"taxonomy":"product_brand","embeddable":true,"href":"https:\/\/vitalworld.com\/de\/wp-json\/wp\/v2\/product_brand?post=463"},{"taxonomy":"product_cat","embeddable":true,"href":"https:\/\/vitalworld.com\/de\/wp-json\/wp\/v2\/product_cat?post=463"},{"taxonomy":"product_tag","embeddable":true,"href":"https:\/\/vitalworld.com\/de\/wp-json\/wp\/v2\/product_tag?post=463"}],"curies":[{"name":"wp","href":"https:\/\/api.w.org\/{rel}","templated":true}]}}