{"id":465,"date":"2025-11-22T12:08:44","date_gmt":"2025-11-22T11:08:44","guid":{"rendered":"https:\/\/vitalworld.com\/de\/produkt\/basis-nachfueller\/"},"modified":"2026-04-19T05:22:01","modified_gmt":"2026-04-19T03:22:01","slug":"basis-nachfueller","status":"publish","type":"product","link":"https:\/\/vitalworld.com\/de\/produkt\/basis-nachfueller\/","title":{"rendered":"Basis Nachf\u00fcller"},"content":{"rendered":"<p>Von rustikaler Hausmannskost u\u0308ber cremige Kartoffelgerichte bis hin zu aromatischen Ka\u0308se-Spezialita\u0308ten: Mit der <strong>Basis Gewu\u0308rzmischung von SwissVitalWorld<\/strong> rundest du jedes Gericht geschmacklich perfekt ab.<\/p>\n<p>Nach dem Konzept der <strong>F\u00fcnf-Elemente-K\u00fcche<\/strong> vereint sie die f\u00fcnf Geschmackskomponenten s\u00fcss, sauer, bitter, salzig und scharf zu einer ausgewogenen Balance. Dadurch werden deine Favoriten bek\u00f6mmlich, abwechslungsreich und lassen sich immer wieder neu variieren \u2013 vom schnellen Abendessen bis zum gem\u00fctlichen Sonntagsschmaus.<\/p>\n<p>Unsere Gewu\u0308rze sind 100 % natu\u0308rlich, vegan und frei von Geschmacksverstaerkern, Konservierungsstoffen, Gluten, Glutamat und Farbstoffen. Nur das Beste aus der Natur, sorgfa\u0308ltig abgestimmt und mit Liebe komponiert.<br \/>\n<strong><br \/>\nVegan zertifiziert<br \/>\nIn der Schweiz hergestellt<\/strong><\/p>\n<p><strong>Inhaltsstoffe: <\/strong>Kristallsalz, Cayennepfeffer, Zwiebeln, Ingwer, Kurkuma, Paprika, Thymian, Knoblauch, Majoran, schwarzer Pfeffer, Korianderkorn, Petersilie, Estragon, Rosmarin, Dillspitzen, Dillkraut<\/p>\n<p><strong>N\u00e4hrwerte: <\/strong>100\u2009g enthalten: Energie 287\u2009kJ (68\u2009kcal) | Fett 1,3\u2009g davon ges. Fetts\u00e4uren 0,3\u2009g | Kohlenhydrate 10\u2009g davon Zucker 0,9\u2009g | Eiweiss 2\u2009g | Salz 84\u2009g<\/p>\n<p><strong>Lagerung: <\/strong>Vor Licht gesch\u00fctzt, trocken und bei Raumtemperatur lagern. Stehts gut verschliessen.<\/p>\n<p><strong>Erlebe den natu\u0308rlichen, schweizer Geschmack in deiner Ku\u0308che \u2013 jetzt testen und dein neues Lieblingsgewu\u0308rz entdecken!<\/strong><\/p>\n<p>&nbsp;<\/p>\n<p><strong>Mehr erfahren? Dann sieh dir unser Produktvideo an oder informiere dich in unserem thematisch passenden Fachartikel.<\/strong><\/p>\n","protected":false},"excerpt":{"rendered":"<p><strong>Basis Gew\u00fcrzmischung \u2013 die traditionelle W\u00fcrze f\u00fcr deine K\u00fcche<\/strong><br \/>\nAuthentisch, nat\u00fcrlich und t\u00e4glich bew\u00e4hrt. Mit der <strong>Basis Gew\u00fcrzmischung von SwissVitalWorld<\/strong> veredelst du deftige Hausmannskost, k\u00f6stliche Kartoffelspeisen und w\u00fcrzige K\u00e4segerichte ganz unkompliziert. Einfach w\u00e4hrend der Zubereitung hinzuf\u00fcgen oder direkt bei Tisch verwenden \u2013 f\u00fcr einen ausgewogenen, harmonischen Geschmack ohne grossen Aufwand.<\/p>\n<p>Rein pflanzlich, vegan und ohne \u00fcberfl\u00fcssige Zusatzstoffe: Diese fein komponierte Gew\u00fcrzmischung \u00fcberzeugt durch authentische Qualit\u00e4t und verl\u00e4ssliche Resultate f\u00fcr jeden Tag. Vom Gratin \u00fcber gebackenes Gem\u00fcse bis zum K\u00e4sefondue \u2013 sie verleiht deinen Speisen Tiefe, wohlige W\u00e4rme und eine perfekt abgestimmte W\u00fcrze, die einzeln oder gemeinsam mit weiteren Kr\u00e4utern hervorragend harmoniert.<\/p>\n<p><strong>Inhalt:<\/strong> 225 g<\/p>\n[video3q id=\"c19e36d4-30c4-40fe-b8ea-c58bb10009a0\"]\n","protected":false},"featured_media":464,"template":"","meta":{"_acf_changed":false},"product_brand":[],"product_cat":[55],"product_tag":[],"class_list":{"0":"post-465","1":"product","2":"type-product","3":"status-publish","4":"has-post-thumbnail","6":"product_cat-gewurze","8":"first","9":"instock","10":"taxable","11":"shipping-taxable","12":"purchasable","13":"product-type-simple"},"acf":[],"_links":{"self":[{"href":"https:\/\/vitalworld.com\/de\/wp-json\/wp\/v2\/product\/465","targetHints":{"allow":["GET"]}}],"collection":[{"href":"https:\/\/vitalworld.com\/de\/wp-json\/wp\/v2\/product"}],"about":[{"href":"https:\/\/vitalworld.com\/de\/wp-json\/wp\/v2\/types\/product"}],"wp:featuredmedia":[{"embeddable":true,"href":"https:\/\/vitalworld.com\/de\/wp-json\/wp\/v2\/media\/464"}],"wp:attachment":[{"href":"https:\/\/vitalworld.com\/de\/wp-json\/wp\/v2\/media?parent=465"}],"wp:term":[{"taxonomy":"product_brand","embeddable":true,"href":"https:\/\/vitalworld.com\/de\/wp-json\/wp\/v2\/product_brand?post=465"},{"taxonomy":"product_cat","embeddable":true,"href":"https:\/\/vitalworld.com\/de\/wp-json\/wp\/v2\/product_cat?post=465"},{"taxonomy":"product_tag","embeddable":true,"href":"https:\/\/vitalworld.com\/de\/wp-json\/wp\/v2\/product_tag?post=465"}],"curies":[{"name":"wp","href":"https:\/\/api.w.org\/{rel}","templated":true}]}}