{"id":471,"date":"2025-11-22T12:08:44","date_gmt":"2025-11-22T11:08:44","guid":{"rendered":"https:\/\/vitalworld.com\/de\/produkt\/grill-nachfueller\/"},"modified":"2026-04-19T06:22:02","modified_gmt":"2026-04-19T04:22:02","slug":"grill-nachfueller","status":"publish","type":"product","link":"https:\/\/vitalworld.com\/de\/produkt\/grill-nachfueller\/","title":{"rendered":"Grill Nachf\u00fcller"},"content":{"rendered":"<h3><strong>Grillgenuss mit Charakter und Balance<\/strong><\/h3>\n<p>Inspiriert von der <strong>F\u00fcnf-Elemente-K\u00fcche<\/strong> vereint die Grill Gew\u00fcrzmischung die f\u00fcnf Geschmacksrichtungen s\u00fcss, sauer, bitter, salzig und scharf zu einem harmonischen Gesamtbild. So entstehen Gerichte, die nicht nur intensiv schmecken, sondern auch bek\u00f6mmlich und <strong>vielseitig einsetzbar<\/strong> sind.<\/p>\n<p><strong>Ob Fleisch, Gem\u00fcse \u2013 ein besonderer Geheimtipp f\u00fcr Pilze \u2013 Grillk\u00e4se, Marinaden oder Saucen:<\/strong> Mit der Grill Gew\u00fcrzmischung von SwissVitalWorld bringst du authentischen Barbecue-Geschmack in deine K\u00fcche und an den Grill.<\/p>\n<p>SwissVitalWorld Gew\u00fcrzmischungen stehen f\u00fcr <strong>100 % nat\u00fcrliche Zutaten<\/strong>, sind <strong>vegan und frei von Geschmacksverst\u00e4rkern, Konservierungsstoffen, Gluten, Glutamat und Farbstoffen.<\/strong> Fein abgestimmt, mit Liebe entwickelt und inspiriert von ganzheitlichem Kochwissen.<\/p>\n<p><strong>Vegan zertifiziert<br \/>\nIn der Schweiz hergestellt<\/strong><\/p>\n<p><strong>Inhaltsstoffe:<\/strong> Kristallsalz, Paprika, Zwiebeln, Knoblauch, weisser Pfeffer, Rosmarin, Thymian, Majoran, Cayennepfeffer, Petersilie<\/p>\n<p><strong>N\u00e4hrwerte:<\/strong> 100\u2009g enthalten: Energie 466\u2009kJ (111\u2009kcal) | Fett 1,9\u2009g davon ges. Fetts\u00e4uren 0,4\u2009g | Kohlenhydrate 17\u2009g davon Zucker 1,5\u2009g | Eiweiss 3,4\u2009g | Salz 74\u2009g<\/p>\n<p><strong>Lagerung: <\/strong>Vor Licht gesch\u00fctzt, trocken und bei Raumtemperatur lagern. Stehts gut verschliessen.<\/p>\n<p><strong>Bring kr\u00e4ftige W\u00fcrze und ausgewogenen Grillgenuss in deine K\u00fcche \u2013 ideal f\u00fcr alle, die gerne w\u00fcrzen und authentischen BBQ-Geschmack sch\u00e4tzen.<\/strong><\/p>\n<p>&nbsp;<\/p>\n<p><strong>Mehr erfahren? Schau dir unser Produktvideo an oder lies den Fachartikel f\u00fcr detaillierte Hintergrundinfos.<\/strong><\/p>\n","protected":false},"excerpt":{"rendered":"<p><strong>Grill Gew\u00fcrzmischung f\u00fcr authentische Genussmomente!<\/strong><br \/>\nErlebe den intensiven Geschmack von frechem Paprika und echtem Barbecue-Charakter. Die <strong>Grill Gew\u00fcrzmischung von SwissVitalWorld<\/strong> ist ideal zum Marinieren, Verfeinern von Saucen oder direkt zum W\u00fcrzen beim Grillieren. Sie verleiht Fleisch, Gem\u00fcse und Grillk\u00e4se eine aromatische Tiefe mit angenehmer W\u00fcrze \u2013 unkompliziert, vielseitig und voller Geschmack.<\/p>\n<p>Ideal f\u00fcr alle Gerichte, die gerne mit Paprika gew\u00fcrzt werden \u2013 von saftigen <strong>Steaks<\/strong> \u00fcber <strong>aromatische Pilzgerichte<\/strong> bis hin zu <strong>Dips und Saucen<\/strong>.<\/p>\n<p><strong>Nat\u00fcrlich, vegan und frei von Zus\u00e4tzen:<\/strong> Die sorgf\u00e4ltig abgestimmte Rezeptur steht f\u00fcr ehrliche Qualit\u00e4t und ausgewogenen Genuss. Ob vor dem Grillen, w\u00e4hrenddessen oder am Tisch: Diese Mischung sorgt im Handumdrehen f\u00fcr echtes BBQ-Feeling.<\/p>\n<p><strong>Inhalt:<\/strong> 180 g<\/p>\n[video3q id=\"c19e36d4-30c4-40fe-b8ea-c58bb10009a0\"]\n","protected":false},"featured_media":469,"template":"","meta":{"_acf_changed":false},"product_brand":[],"product_cat":[55],"product_tag":[],"class_list":{"0":"post-471","1":"product","2":"type-product","3":"status-publish","4":"has-post-thumbnail","6":"product_cat-gewurze","8":"first","9":"instock","10":"taxable","11":"shipping-taxable","12":"purchasable","13":"product-type-simple"},"acf":[],"_links":{"self":[{"href":"https:\/\/vitalworld.com\/de\/wp-json\/wp\/v2\/product\/471","targetHints":{"allow":["GET"]}}],"collection":[{"href":"https:\/\/vitalworld.com\/de\/wp-json\/wp\/v2\/product"}],"about":[{"href":"https:\/\/vitalworld.com\/de\/wp-json\/wp\/v2\/types\/product"}],"wp:featuredmedia":[{"embeddable":true,"href":"https:\/\/vitalworld.com\/de\/wp-json\/wp\/v2\/media\/469"}],"wp:attachment":[{"href":"https:\/\/vitalworld.com\/de\/wp-json\/wp\/v2\/media?parent=471"}],"wp:term":[{"taxonomy":"product_brand","embeddable":true,"href":"https:\/\/vitalworld.com\/de\/wp-json\/wp\/v2\/product_brand?post=471"},{"taxonomy":"product_cat","embeddable":true,"href":"https:\/\/vitalworld.com\/de\/wp-json\/wp\/v2\/product_cat?post=471"},{"taxonomy":"product_tag","embeddable":true,"href":"https:\/\/vitalworld.com\/de\/wp-json\/wp\/v2\/product_tag?post=471"}],"curies":[{"name":"wp","href":"https:\/\/api.w.org\/{rel}","templated":true}]}}