{"id":496,"date":"2025-11-22T12:08:43","date_gmt":"2025-11-22T11:08:43","guid":{"rendered":"https:\/\/vitalworld.com\/de\/produkt\/basis-gewuerzmischung\/"},"modified":"2026-04-19T06:22:02","modified_gmt":"2026-04-19T04:22:02","slug":"basis-gewuerzmischung","status":"publish","type":"product","link":"https:\/\/vitalworld.com\/de\/produkt\/basis-gewuerzmischung\/","title":{"rendered":"Basis Gew\u00fcrzmischung"},"content":{"rendered":"<h3><strong>Herzhafter Genuss f\u00fcr die Seele!<\/strong><\/h3>\n<p>Inspiriert von der <strong>F\u00fcnf-Elemente-K\u00fcche<\/strong> vereint sie die f\u00fcnf Geschmacksrichtungen s\u00fc\u00df, sauer, bitter, salzig und scharf zu einem harmonischen Gleichgewicht. So werden deine Lieblingsgerichte bek\u00f6mmlich, vielseitig und immer wieder neu interpretierbar \u2013 von der schnellen Feierabendpfanne bis zum Wochenendklassiker.<br \/>\nOb rustikale Hausmannskost, cremige Kartoffelgerichte oder aromatische K\u00e4sekreationen \u2013 mit der <strong>Basis Gew\u00fcrzmischung<\/strong> von <strong>SwissVitalWorld<\/strong> verleihst du jedem Gericht den perfekten Geschmack.<\/p>\n<p>Ob rustikale Hausmannskost, cremige Kartoffelgerichte oder aromatische K\u00e4sekreationen \u2013 mit der Basis Gew\u00fcrzmischung von SwissVitalWorld verleihst du jedem Gericht den perfekten Geschmack.<\/p>\n<p>Unsere Gew\u00fcrze sind 100 % nat\u00fcrlich, vegan und selbstverst\u00e4ndlich frei von Geschmacksverst\u00e4rkern, Konservierungsstoffen, Gluten, Glutamat und Farbstoffen. Nur das Beste aus der Natur \u2013 fein abgestimmt und mit Liebe zusammengestellt.<\/p>\n<p><strong>Vegan zertifiziert<\/strong><br \/>\n<strong>In der Schweiz hergestellt<\/strong><\/p>\n<p><strong>Inhaltsstoffe:<\/strong> Kristallsalz, Cayennepfeffer, Zwiebeln, Ingwer, Kurkuma, Paprika, Thymian, Knoblauch, Majoran, schwarzer Pfeffer, Korianderkorn, Petersilie, Estragon, Rosmarin, Dillspitzen, Dillkraut<\/p>\n<p><strong>N\u00e4hrwerte: <\/strong>100\u2009g enthalten: Energie 287\u2009kJ (68\u2009kcal) | Fett 1,3\u2009g davon ges. Fetts\u00e4uren 0,3\u2009g | Kohlenhydrate 10\u2009g davon Zucker 0,9\u2009g | Eiweiss 2\u2009g | Salz 84\u2009g<\/p>\n<p><strong>Lagerung: <\/strong>Vor Licht gesch\u00fctzt, trocken und bei Raumtemperatur lagern. Stehts gut verschliessen.<\/p>\n<p><strong>Erlebe den nat\u00fcrlichen Geschmack in deiner K\u00fcche \u2013 jetzt probieren und dein neues Lieblingsgew\u00fcrz entdecken!<\/strong><\/p>\n<p>&nbsp;<\/p>\n<p><strong>Mehr erfahren? Dann schau dir unser Produktvideo an oder informiere dich in unserem thematisch passenden Fachartikel.<\/strong><\/p>\n","protected":false},"excerpt":{"rendered":"<p><strong>Basis Gew\u00fcrzmischung f\u00fcr herzhafter Genussmomente!<\/strong><br \/>\nBring den vollmundigen Geschmack traditioneller K\u00fcche auf deinen Teller. Die Basis-Gew\u00fcrzmischung von SwissVitalWorld verfeinert rustikale Hausmannskost, cremige Kartoffelgerichte und aromatische K\u00e4sekreationen im Handumdrehen. Einfach beim Kochen zugeben oder am Tisch dar\u00fcberstreuen \u2013 f\u00fcr ein rundes, harmonisches Aroma ohne Aufwand.<\/p>\n<p>Nat\u00fcrlich, vegan und frei von unn\u00f6tigen Zus\u00e4tzen: Die sorgf\u00e4ltig abgestimmte Mischung steht f\u00fcr ehrliche Qualit\u00e4t und verl\u00e4ssliche Ergebnisse im Alltag. Ob Gratins, Ofengem\u00fcse oder K\u00e4sefondue \u2013 sie sorgt f\u00fcr Tiefe, W\u00e4rme und eine ausgewogene W\u00fcrze, die sowohl solo als auch in Kombination mit anderen Kr\u00e4utern bestens funktioniert.<\/p>\n<p><strong>Inhalt:<\/strong> 90 g<\/p>\n[video3q id=\"c19e36d4-30c4-40fe-b8ea-c58bb10009a0\"]\n","protected":false},"featured_media":494,"template":"","meta":{"_acf_changed":false},"product_brand":[],"product_cat":[55],"product_tag":[],"class_list":{"0":"post-496","1":"product","2":"type-product","3":"status-publish","4":"has-post-thumbnail","6":"product_cat-gewurze","8":"first","9":"instock","10":"taxable","11":"shipping-taxable","12":"purchasable","13":"product-type-simple"},"acf":[],"_links":{"self":[{"href":"https:\/\/vitalworld.com\/de\/wp-json\/wp\/v2\/product\/496","targetHints":{"allow":["GET"]}}],"collection":[{"href":"https:\/\/vitalworld.com\/de\/wp-json\/wp\/v2\/product"}],"about":[{"href":"https:\/\/vitalworld.com\/de\/wp-json\/wp\/v2\/types\/product"}],"wp:featuredmedia":[{"embeddable":true,"href":"https:\/\/vitalworld.com\/de\/wp-json\/wp\/v2\/media\/494"}],"wp:attachment":[{"href":"https:\/\/vitalworld.com\/de\/wp-json\/wp\/v2\/media?parent=496"}],"wp:term":[{"taxonomy":"product_brand","embeddable":true,"href":"https:\/\/vitalworld.com\/de\/wp-json\/wp\/v2\/product_brand?post=496"},{"taxonomy":"product_cat","embeddable":true,"href":"https:\/\/vitalworld.com\/de\/wp-json\/wp\/v2\/product_cat?post=496"},{"taxonomy":"product_tag","embeddable":true,"href":"https:\/\/vitalworld.com\/de\/wp-json\/wp\/v2\/product_tag?post=496"}],"curies":[{"name":"wp","href":"https:\/\/api.w.org\/{rel}","templated":true}]}}