{"id":499,"date":"2025-11-22T12:08:43","date_gmt":"2025-11-22T11:08:43","guid":{"rendered":"https:\/\/vitalworld.com\/de\/produkt\/italia-gewuerzmischung\/"},"modified":"2026-04-19T08:22:03","modified_gmt":"2026-04-19T06:22:03","slug":"italia-gewuerzmischung","status":"publish","type":"product","link":"https:\/\/vitalworld.com\/de\/produkt\/italia-gewuerzmischung\/","title":{"rendered":"Italia Gew\u00fcrzmischung"},"content":{"rendered":"<h3><strong>Italia Gew\u00fcrzmischung \u2013 Der Geschmack des S\u00fcdens in deiner K\u00fcche!<\/strong><\/h3>\n<p>Hol dir das mediterrane Lebensgef\u00fchl direkt nach Hause! Die <strong>Italia Gew\u00fcrzmischung<\/strong> vereint aromatischen Basilikum, w\u00fcrzigen Oregano, feinen Knoblauch, eine Prise Cayennepfeffer und mehr. Perfekt abgestimmt, um deinen Gerichten das unverwechselbare Aroma Italiens zu verleihen. Ob als Finisher am Tisch oder direkt zum Kochen \u2013 diese Mischung bringt Sonne, Leidenschaft und Genuss auf deinen Teller.<\/p>\n<p>Die Rezeptur der Italia Gew\u00fcrzmischung orientiert sich an der <strong>F\u00fcnf-Elemente-K\u00fcche<\/strong>, bei der die Geschmacksrichtungen s\u00fcss, sauer, bitter, salzig und scharf in Balance gebracht werden. So entstehen Gerichte, die nicht nur <strong>aromatisch<\/strong>, sondern auch <strong>bek\u00f6mmlich<\/strong> und <strong>vielseitig kombinierbar<\/strong> sind \u2013 vom schnellen Alltagsgericht bis zur liebevoll zubereiteten Mahlzeit.<\/p>\n<p>Wie alle SwissVitalWorld Gew\u00fcrzmischungen ist auch diese Komposition <strong>100 % nat\u00fcrlich und vegan.<\/strong> Sie kommt <strong>ohne Geschmacksverst\u00e4rker, Konservierungsstoffe, Gluten, Glutamat und Farbstoffe aus.<\/strong> Eine ehrliche Mischung, die mediterrane Lebensfreude mit bewusster K\u00fcche verbindet.<\/p>\n<p><strong>Vegan zertifiziert<br \/>\nIn der Schweiz hergestellt<\/strong><\/p>\n<p><strong>Inhaltsstoffe:<\/strong> Roh-Rohrzucker, Kristallsalz, Knoblauch, Basilikum, Oregano, Cayennepfeffer, Zwiebeln, Pe-tersilie, Salbei, schwarzer Pfeffer<\/p>\n<p><strong>N\u00e4hrwerte:<\/strong> 100\u2009g enthalten: Energie 1352\u2009kJ (321\u2009kcal) | Fett 2,5\u2009g davon ges. Fetts\u00e4uren 0,8\u2009g | Kohlenhydrate 60\u2009g davon Zucker 28\u2009g | Eiweiss 8,1\u2009g | Salz 21,5\u2009g<\/p>\n<p><strong>Lagerung:<\/strong> Vor Licht gesch\u00fctzt, trocken und bei Raumtemperatur lagern. Stehts gut verschliessen.<\/p>\n<p><strong>Verwandle jedes Gericht in ein mediterranes Meisterwerk \u2013 probiere jetzt die Italia Gew\u00fcrzmischung von SwissVitalWorld und schmecke die Sonne Italiens!<\/strong><\/p>\n<p>&nbsp;<\/p>\n<p><strong>Mehr erfahren? Dann schau dir unser Produktvideo an oder informiere dich in unserem thematisch passenden Fachartikel.<\/strong><\/p>\n","protected":false},"excerpt":{"rendered":"<p><strong>Italia Gew\u00fcrzmischung \u2013 Mediterrane Kr\u00e4uter f\u00fcr lebendige K\u00fcche<\/strong><\/p>\n<p>Die <strong>Italia Gew\u00fcrzmischung<\/strong> vereint klassische mediterrane Kr\u00e4uter und feine Gew\u00fcrze zu diesem typischen <strong>\u201eLa-Dolce-Vita\u201c-Aroma.<\/strong> Inspiriert von der Vielfalt Italiens bringt sie eine ausgewogene und kr\u00e4uterige W\u00fcrze in deine K\u00fcche. Ideal zum W\u00fcrzen von<strong> Pasta, Gem\u00fcsegerichten, Antipasti oder mediterranen Pfannen<\/strong> \u2013 f\u00fcr authentischen Geschmack mit Leichtigkeit.<\/p>\n<p>Ob beim Kochen oder als aromatischer Akzent am Tisch: Diese Mischung verleiht Gerichten Struktur und Ausdruck, ohne sie zu \u00fcberdecken. Fein abgestimmt, vielseitig einsetzbar und perfekt f\u00fcr alle, die mediterrane Aromen lieben.<\/p>\n<p><strong>Inhalt:<\/strong> 45 g<\/p>\n[video3q id=\"c19e36d4-30c4-40fe-b8ea-c58bb10009a0\"]\n","protected":false},"featured_media":497,"template":"","meta":{"_acf_changed":false},"product_brand":[],"product_cat":[55],"product_tag":[],"class_list":{"0":"post-499","1":"product","2":"type-product","3":"status-publish","4":"has-post-thumbnail","6":"product_cat-gewurze","8":"first","9":"instock","10":"taxable","11":"shipping-taxable","12":"purchasable","13":"product-type-simple"},"acf":[],"_links":{"self":[{"href":"https:\/\/vitalworld.com\/de\/wp-json\/wp\/v2\/product\/499","targetHints":{"allow":["GET"]}}],"collection":[{"href":"https:\/\/vitalworld.com\/de\/wp-json\/wp\/v2\/product"}],"about":[{"href":"https:\/\/vitalworld.com\/de\/wp-json\/wp\/v2\/types\/product"}],"wp:featuredmedia":[{"embeddable":true,"href":"https:\/\/vitalworld.com\/de\/wp-json\/wp\/v2\/media\/497"}],"wp:attachment":[{"href":"https:\/\/vitalworld.com\/de\/wp-json\/wp\/v2\/media?parent=499"}],"wp:term":[{"taxonomy":"product_brand","embeddable":true,"href":"https:\/\/vitalworld.com\/de\/wp-json\/wp\/v2\/product_brand?post=499"},{"taxonomy":"product_cat","embeddable":true,"href":"https:\/\/vitalworld.com\/de\/wp-json\/wp\/v2\/product_cat?post=499"},{"taxonomy":"product_tag","embeddable":true,"href":"https:\/\/vitalworld.com\/de\/wp-json\/wp\/v2\/product_tag?post=499"}],"curies":[{"name":"wp","href":"https:\/\/api.w.org\/{rel}","templated":true}]}}