{"id":501,"date":"2025-11-22T12:08:43","date_gmt":"2025-11-22T11:08:43","guid":{"rendered":"https:\/\/vitalworld.com\/de\/produkt\/swiss-premium-drink\/"},"modified":"2026-05-17T00:22:02","modified_gmt":"2026-05-16T22:22:02","slug":"swiss-premium-drink","status":"publish","type":"product","link":"https:\/\/vitalworld.com\/de\/produkt\/swiss-premium-drink\/","title":{"rendered":"Swiss-Premium-Drink"},"content":{"rendered":"<p><strong>Swiss-Premium-Drink \u2013 Protein-Power aus der Schweiz, alltagstauglich und bewusst<\/strong><\/p>\n<p>Starte kraftvoll und bewusst in den Tag mit dem <strong>Swiss-Premium-Drink<\/strong>! Mit <strong>79% Schweizer Molke<\/strong> liefert er hochwertige Proteine, die deine Ern\u00e4hrung perfekt erg\u00e4nzen \u2013 ideal f\u00fcr einen aktiven Lebensstil und eine <strong>gewichtsbewusste Ern\u00e4hrung<\/strong> dank niedriger glyk\u00e4mischer Last.<\/p>\n<p>Unsere exklusive Mischung aus <strong>ausgew\u00e4hlten Kr\u00e4utern und Gew\u00fcrzen<\/strong> wie Kurkuma, Kardamom, Ingwer, Thymian und Kamille sorgt f\u00fcr ein unvergleichliches Geschmackserlebnis \u2013 nat\u00fcrlich abgerundet mit feiner Vanille.<\/p>\n<p><strong>10-Tage-Intensivanwendung<\/strong><br \/>\nSehr beliebt ist die Anwendung in Kombination mit Tages-Tee, Basenbouillon und Bambus Vitalpflastern. Idealerweise wird diese Intensivanwendung f\u00fcr mindestens 10 Tage durchgef\u00fchrt. Jetzt direkt mit dem Planer f\u00fcr die 10-Tage-Intensivanwendung durchstarten \u2013 hier kostenlos als PDF-Download!<br \/>\n<a href=\"https:\/\/www.calameo.com\/read\/0061151996b848f49133c\" target=\"_blank\" rel=\"noopener\">\u2192 Zum Planer 10-Tage-Intensivanwendung<\/a><\/p>\n<p><strong>Vegetarisch<\/strong><br \/>\n<strong>In der Schweiz hergestellt<\/strong><\/p>\n<p><strong>Inhaltsstoffe:<\/strong> <strong>79% S\u00fc\u00dfmolkepulver<\/strong>, Fructose, nat\u00fcrliches Vanillearoma (enth\u00e4lt <strong>Milchanteile<\/strong>), Vanillesamen, Kurkuma, Kardamom, Ingwer, Anis, Rosenpaprika, Thymian, Kamille, Rosmarin, Speisesalz<\/p>\n<p><strong> N\u00e4hrwerte:<\/strong><br \/>\nN\u00e4hrwerte pro 100 g \/ 1 l = 30 g \/ 300 ml = 9 g<\/p>\n<p>Energie kj 1518 \/ 455,4 \/ 136,6<\/p>\n<p>Energie kcal 357 \/ 107,1 \/ 32,1<\/p>\n<p>Fett 0,6 g \/ 0,2 g \/ &lt;0,1 g<\/p>\n<p>Kohlenhydrate 81 g \/ 24,3 g \/ 7,3 g<\/p>\n<p>Eiweiss 11,1 g \/ 3,3 g \/ 1,0 g<\/p>\n<p>Salz &lt;0,1 g \/ &lt;0,1 g \/ &lt;0,1 g<\/p>\n<p><strong>Lagerung:<\/strong> Vor Licht gesch\u00fctzt, trocken und bei Raumtemperatur lagern. Stehts gut verschliessen.<\/p>\n<p>&nbsp;<\/p>\n<p><strong> Mehr erfahren? Dann schau dir unser Produktvideo an oder informiere dich in unserem thematisch passenden Fachartikel.<\/strong><\/p>\n","protected":false},"excerpt":{"rendered":"<p><strong>Swiss-Premium-Drink \u2013 Dein Protein-Highlight aus der Schweiz<\/strong><\/p>\n<p>Starte kraftvoll in den Tag: Der Swiss-Premium-Drink kombiniert hochwertige Proteine aus 79% Schweizer Molke mit einer niedrigen glyk\u00e4mischen Last \u2013 ideal als Baustein f\u00fcr eine gewichtsbewusste Ern\u00e4hrung und einen aktiven Lebensstil. Die fein abgestimmte Mischung aus ausgew\u00e4hlten Kr\u00e4utern und Gew\u00fcrzen wird sanft mit Vanille abgerundet und sorgt so f\u00fcr ein angenehm nat\u00fcrliches Geschmackserlebnis.<\/p>\n<p><strong>Anwendung:<\/strong> 3 Teel\u00f6ffel (ca. 9 g) in 300 ml Wasser gut einr\u00fchren und direkt verzehren. Der Swiss-Premium-Drink kann kalt oder warm (nicht heiss!) getrunken werden.<\/p>\n<p><strong>Inhalt:<\/strong> 500 g<\/p>\n<p>Jetzt probieren und die Schweizer Protein-Power genie\u00dfen!<\/p>\n<div id=\"deployment-287efefd-4f42-4c96-a2b8-1cc1b006af8c\"><\/div>\n<div>[video3q id=\"16413e2f-f0a9-4e8d-95e8-256083ea2fbb\"]<\/div>\n<div><\/div>\n","protected":false},"featured_media":500,"template":"","meta":{"_acf_changed":false},"product_brand":[],"product_cat":[57],"product_tag":[],"class_list":{"0":"post-501","1":"product","2":"type-product","3":"status-publish","4":"has-post-thumbnail","6":"product_cat-fitness-and-ernahrung","8":"first","9":"instock","10":"taxable","11":"shipping-taxable","12":"purchasable","13":"product-type-simple"},"acf":[],"_links":{"self":[{"href":"https:\/\/vitalworld.com\/de\/wp-json\/wp\/v2\/product\/501","targetHints":{"allow":["GET"]}}],"collection":[{"href":"https:\/\/vitalworld.com\/de\/wp-json\/wp\/v2\/product"}],"about":[{"href":"https:\/\/vitalworld.com\/de\/wp-json\/wp\/v2\/types\/product"}],"wp:featuredmedia":[{"embeddable":true,"href":"https:\/\/vitalworld.com\/de\/wp-json\/wp\/v2\/media\/500"}],"wp:attachment":[{"href":"https:\/\/vitalworld.com\/de\/wp-json\/wp\/v2\/media?parent=501"}],"wp:term":[{"taxonomy":"product_brand","embeddable":true,"href":"https:\/\/vitalworld.com\/de\/wp-json\/wp\/v2\/product_brand?post=501"},{"taxonomy":"product_cat","embeddable":true,"href":"https:\/\/vitalworld.com\/de\/wp-json\/wp\/v2\/product_cat?post=501"},{"taxonomy":"product_tag","embeddable":true,"href":"https:\/\/vitalworld.com\/de\/wp-json\/wp\/v2\/product_tag?post=501"}],"curies":[{"name":"wp","href":"https:\/\/api.w.org\/{rel}","templated":true}]}}