{"id":506,"date":"2025-11-22T12:08:43","date_gmt":"2025-11-22T11:08:43","guid":{"rendered":"https:\/\/vitalworld.com\/de\/produkt\/bambus-vitalpflaster-2er-pack\/"},"modified":"2026-05-01T04:22:03","modified_gmt":"2026-05-01T02:22:03","slug":"bambus-vitalpflaster-2er-pack","status":"publish","type":"product","link":"https:\/\/vitalworld.com\/de\/produkt\/bambus-vitalpflaster-2er-pack\/","title":{"rendered":"Bambus Vitalpflaster 2er Pack"},"content":{"rendered":"<h3><strong>Bambus Vitalpflaster \u2013 Nat\u00fcrlich entspannen \u00fcber Nacht<\/strong><\/h3>\n<p>Die Bambus Vitalpflaster von SwissVitalWorld begleiten dich sanft <strong>durch die Nacht<\/strong> und unterst\u00fctzen dein inneres Gleichgewicht. Sie werden auf die <strong>Mitte der Fusssohle<\/strong> geklebt \u2013 dort befindet sich ein in der traditionellen Lehre bekannten <strong>Aktivierungspunkt f\u00fcr Regeneration und Entschlackung.<\/strong><\/p>\n<p>Die Rezeptur basiert auf <strong>gereiftem Bambus-Extrakt<\/strong>, ausgew\u00e4hlten <strong>Kr\u00e4utern sowie Mineralien und Spurenelementen<\/strong>. Diese Kombination kann dazu beitragen, das Wohlbefinden zu f\u00f6rdern und die n\u00e4chtliche Regeneration zu unterst\u00fctzen.<\/p>\n<p><strong>Deine Vorteile auf einen Blick:<\/strong><\/p>\n<ul>\n<li>Begleitet die nat\u00fcrliche Entschlackung<\/li>\n<li>Unterst\u00fctzt Balance und Regeneration<\/li>\n<li>Einfache Anwendung im Schlaf<\/li>\n<li>Mit Bambus, Kr\u00e4utern, Vitaminen und Mineralstoffen<\/li>\n<li>F\u00fcr K\u00f6rper, Geist und Seele<\/li>\n<\/ul>\n<p><strong>Vegan zertifiziert<\/strong><br \/>\n<strong>Emoto Wasserkristall zertifiziert<\/strong><\/p>\n<p><strong>Inhaltsstoffe:<\/strong> Bambus-Extrakt-Pulver (Phyllostachys bambusoides), Agaricus (Agaricus blazei), Cham\u00e4leon-Pflanze (Houttuynia Cordata), Ingwer (Zingiber officinale), Mispelbl\u00e4tter (Mespilus germanica), Wermutkraut (Artemisia absinthium L.), Tausendbl\u00fctenstrauchbl\u00e4tter (Tetradium daniellii), Turmalin, Mineralien und Spurenelemente aus Quellwasser, Vitamin C, Vitamin E<\/p>\n<p><strong>Lagerung:<\/strong> Vor Licht gesch\u00fctzt, trocken und bei Raumtemperatur lagern. Stehts gut verschliessen.<br \/>\n<strong>Erh\u00e4ltlich in:<\/strong> 2 St\u00fcck | 10 St\u00fcck | 60 St\u00fcck<\/p>\n<p><strong>Entspanne deinen K\u00f6rper mit einer wohltuende Nachtanwendung!<\/strong><br \/>\nErlebe jetzt die Kraft der Entschlackung mit den <strong>Bambus Vitalpflaster<\/strong> \u2013 f\u00fcr mehr Energie jeden Tag.<\/p>\n<p>&nbsp;<\/p>\n<p><strong>Mehr erfahren? Dann schau dir unser Produktvideo an oder informiere dich in unserem thematisch passenden Fachartikel.<\/strong><\/p>\n","protected":false},"excerpt":{"rendered":"<p><strong>Bambus Vitalpflaster \u2013 Regeneration, die im Schlaf beginnt<\/strong><\/p>\n<p><strong>Sanfte Unterst\u00fctzung \u00fcber Nacht:<\/strong> Die Bambus Vitalpflaster werden abends auf die Mitte der Fusssohle geklebt \u2013 dort befindet sich der Akupunkturpunkt \u201eNiere 1\u201c, der in der fern\u00f6stlichen Lehre als zentraler Punkt f\u00fcr Energiefluss und Ausleitung gilt.<\/p>\n<p><strong>Unterst\u00fctzung von innen: <\/strong>W\u00e4hrend der Nacht k\u00f6nnen die Pflaster die k\u00f6rpereigene Entschlackung begleiten und zur Harmonisierung des S\u00e4ure-Basen-Gleichgewichts beitragen \u2013 ganz ohne Aufwand.<\/p>\n<p><strong>Wohltuende Regeneration: <\/strong>Starte mit einem ausgeglicheneren Gef\u00fchl in den Tag und integriere diese einfache Nachtanwendung m\u00fchelos in deinen Alltag.<\/p>\n<p><strong>Anwendung:<\/strong>\u00a0Vor dem Schlafengehen je ein Pflaster auf beide Fusssohlen kleben, sanft andr\u00fccken, \u00fcber Nacht wirken lassen und morgens entfernen.<\/p>\n<p><strong>Inhalt:<\/strong> 2 St\u00fcck, reicht f\u00fcr eine Nacht<\/p>\n<p>Jetzt entdecken und die Wirkung der Bambus Vitalpflaster kennenlernen.<\/p>\n[video3q id=\"e8ca22e0-6e85-4478-a885-7199cf431971\"]\n","protected":false},"featured_media":505,"template":"","meta":{"_acf_changed":false},"product_brand":[],"product_cat":[54,58],"product_tag":[],"class_list":{"0":"post-506","1":"product","2":"type-product","3":"status-publish","4":"has-post-thumbnail","6":"product_cat-bambus","7":"product_cat-vitalpflaster","9":"first","10":"instock","11":"taxable","12":"shipping-taxable","13":"purchasable","14":"product-type-simple"},"acf":[],"_links":{"self":[{"href":"https:\/\/vitalworld.com\/de\/wp-json\/wp\/v2\/product\/506","targetHints":{"allow":["GET"]}}],"collection":[{"href":"https:\/\/vitalworld.com\/de\/wp-json\/wp\/v2\/product"}],"about":[{"href":"https:\/\/vitalworld.com\/de\/wp-json\/wp\/v2\/types\/product"}],"wp:featuredmedia":[{"embeddable":true,"href":"https:\/\/vitalworld.com\/de\/wp-json\/wp\/v2\/media\/505"}],"wp:attachment":[{"href":"https:\/\/vitalworld.com\/de\/wp-json\/wp\/v2\/media?parent=506"}],"wp:term":[{"taxonomy":"product_brand","embeddable":true,"href":"https:\/\/vitalworld.com\/de\/wp-json\/wp\/v2\/product_brand?post=506"},{"taxonomy":"product_cat","embeddable":true,"href":"https:\/\/vitalworld.com\/de\/wp-json\/wp\/v2\/product_cat?post=506"},{"taxonomy":"product_tag","embeddable":true,"href":"https:\/\/vitalworld.com\/de\/wp-json\/wp\/v2\/product_tag?post=506"}],"curies":[{"name":"wp","href":"https:\/\/api.w.org\/{rel}","templated":true}]}}