{"id":510,"date":"2025-11-22T12:08:43","date_gmt":"2025-11-22T11:08:43","guid":{"rendered":"https:\/\/vitalworld.com\/de\/produkt\/bambus-vitalpflaster-60er-pack\/"},"modified":"2026-04-29T07:22:04","modified_gmt":"2026-04-29T05:22:04","slug":"bambus-vitalpflaster-60er-pack","status":"publish","type":"product","link":"https:\/\/vitalworld.com\/de\/produkt\/bambus-vitalpflaster-60er-pack\/","title":{"rendered":"Bambus Vitalpflaster 60er Pack"},"content":{"rendered":"<h2>Bambus Vitalpflaster \u2013 Nat\u00fcrlich regenerieren, Nacht f\u00fcr Nacht<\/h2>\n<p>Die Bambus Vitalpflaster von SwissVitalWorld sind speziell daf\u00fcr entwickelt, dich w\u00e4hrend des Schlafs in der Regenerationsphase sanft zu begleiten. Durch das Aufbringen auf die Mitte der Fusssohlen wirken sie an einem Punkt, der in der fern\u00f6stlichen Gesundheitslehre als zentral f\u00fcr Regeneration, k\u00f6rpereigene Entschlackung und energetische Balance gilt.<\/p>\n<p>Die Rezeptur aus gereiftem <strong>Bambus-Extrakt<\/strong>, ausgew\u00e4hlten <strong>Kr\u00e4utern<\/strong> sowie <strong>Mineralien und Spurenelementen<\/strong> ist darauf abgestimmt, das Wohlbefinden sanft zu f\u00f6rdern und n\u00e4chtliche Regenerationsprozesse zu begleiten.<\/p>\n<p><strong>Deine Vorteile im \u00dcberblick:<\/strong><\/p>\n<ul>\n<li>Unterst\u00fctzung nat\u00fcrlicher Entschlackungsprozesse<\/li>\n<li>Begleitung von Balance, Regeneration und innerer Harmonie<\/li>\n<li>Einfache und wirkungsvolle Anwendung w\u00e4hrend des Schlafs<\/li>\n<li>Pflaster mit Bambus, pflanzlichen Extrakten, Mineralien und Vitaminen<\/li>\n<li>t\u00e4rkung von K\u00f6rper, Geist und allgemeinem Wohlbefinden<\/li>\n<\/ul>\n<p>&nbsp;<\/p>\n<p><strong>Vegan zertifiziert<\/strong><br \/>\n<strong>Emoto Wasserkristall zertifiziert<\/strong><\/p>\n<p><strong>Inhaltsstoffe:<\/strong> Bambus-Extrakt-Pulver (Phyllostachys bambusoides), Agaricus (Agaricus blazei), Cham\u00e4leon-Pflanze (Houttuynia Cordata), Ingwer (Zingiber officinale), Mispelbl\u00e4tter (Mespilus germanica), Wermutkraut (Artemisia absinthium L.), Tausendbl\u00fctenstrauchbl\u00e4tter (Tetradium daniellii), Turmalin, Mineralien und Spurenelemente aus Quellwasser, Vitamin C, Vitamin E<\/p>\n<p><strong>Lagerung:<\/strong> Vor Licht gesch\u00fctzt, trocken und bei Raumtemperatur lagern. Stehts gut verschliessen.<br \/>\n<strong>Erh\u00e4ltlich in:<\/strong> 2 St\u00fcck | 10 St\u00fcck | 60 St\u00fcck<\/p>\n<p><strong>Fazit:<\/strong> Die Bambus Vitalpflaster bieten dir eine einfache, nat\u00fcrliche M\u00f6glichkeit, n\u00e4chtliche Regenerationsprozesse zu begleiten und dein Wohlbefinden zu unterst\u00fctzen \u2013 ganz im Einklang mit fern\u00f6stlicher Erfahrungslehre und moderner Alltagstauglichkeit.<\/p>\n<p>&nbsp;<\/p>\n<p><strong>Mehr erfahren? Dann schau dir unser Produktvideo an oder informiere dich in unserem thematisch passenden Fachartikel.<\/strong><\/p>\n","protected":false},"excerpt":{"rendered":"<p><strong>Deine n\u00e4chtliche Unterst\u00fctzung f\u00fcr mehr Balance<\/strong><br \/>\nWenn du deinen K\u00f6rper \u00fcber Nacht bei der <strong>nat\u00fcrlichen Entschlackung<\/strong> begleiten willst, ohne zus\u00e4tzlichen Aufwand, sind die Bambus Vitalpflaster genau das Richtige f\u00fcr dich. Du klebst sie abends auf die Mitte deiner Fusssohlen \u2013 dort, wo sich der <strong>Akupunkturpunkt \u201eNiere 1\u201c<\/strong> befindet, der in der traditionellen fern\u00f6stlichen Lehre eine wichtige Rolle f\u00fcr k\u00f6rpereigene Ausleitung und Energiefluss spielt.<\/p>\n<p>W\u00e4hrend du schl\u00e4fst, k\u00f6nnen die Pflaster die nat\u00fcrlichen Ausscheidungsprozesse des K\u00f6rpers unterst\u00fctzen, die <strong>Entschlackung anregen<\/strong> und zur <strong>Harmonisierung deines S\u00e4ure-Basen-Haushalts<\/strong> beitragen. So entsteht eine <strong>wohltuende Balance<\/strong>, die sich sowohl auf dein k\u00f6rperliches als auch auf <strong>dein allgemeines Wohlbefinden<\/strong> auswirken kann.<\/p>\n<p>Vielseitig in deinen Alltag integrierbar, l\u00e4sst dich diese einfache Nachtanwendung am Morgen oft ausgeglichen, vitaler und mit mehr Leichtigkeit starten \u2013 ganz ohne komplizierte Rituale.<\/p>\n<p><strong>So wendest du die Vitalpflaster an:<\/strong>\u00a0Vor dem Schlafengehen ein Pflaster auf jede Fusssohle kleben, sanft andr\u00fccken und \u00fcber Nacht wirken lassen. Am Morgen kannst du sie einfach entfernen.<\/p>\n<p><strong>Inhalt:<\/strong> 60 St\u00fcck, reicht f\u00fcr 30 N\u00e4chste<\/p>\n<p>Probiere es aus und erlebe, wie n\u00e4chtliche Unterst\u00fctzung zu deinem Wohlbefinden beitragen kann.<\/p>\n[video3q id=\"e8ca22e0-6e85-4478-a885-7199cf431971\"]\n","protected":false},"featured_media":509,"template":"","meta":{"_acf_changed":false},"product_brand":[],"product_cat":[54,58],"product_tag":[],"class_list":{"0":"post-510","1":"product","2":"type-product","3":"status-publish","4":"has-post-thumbnail","6":"product_cat-bambus","7":"product_cat-vitalpflaster","9":"first","10":"instock","11":"taxable","12":"shipping-taxable","13":"purchasable","14":"product-type-simple"},"acf":[],"_links":{"self":[{"href":"https:\/\/vitalworld.com\/de\/wp-json\/wp\/v2\/product\/510","targetHints":{"allow":["GET"]}}],"collection":[{"href":"https:\/\/vitalworld.com\/de\/wp-json\/wp\/v2\/product"}],"about":[{"href":"https:\/\/vitalworld.com\/de\/wp-json\/wp\/v2\/types\/product"}],"wp:featuredmedia":[{"embeddable":true,"href":"https:\/\/vitalworld.com\/de\/wp-json\/wp\/v2\/media\/509"}],"wp:attachment":[{"href":"https:\/\/vitalworld.com\/de\/wp-json\/wp\/v2\/media?parent=510"}],"wp:term":[{"taxonomy":"product_brand","embeddable":true,"href":"https:\/\/vitalworld.com\/de\/wp-json\/wp\/v2\/product_brand?post=510"},{"taxonomy":"product_cat","embeddable":true,"href":"https:\/\/vitalworld.com\/de\/wp-json\/wp\/v2\/product_cat?post=510"},{"taxonomy":"product_tag","embeddable":true,"href":"https:\/\/vitalworld.com\/de\/wp-json\/wp\/v2\/product_tag?post=510"}],"curies":[{"name":"wp","href":"https:\/\/api.w.org\/{rel}","templated":true}]}}