{"id":899,"date":"2026-01-21T13:37:35","date_gmt":"2026-01-21T12:37:35","guid":{"rendered":"https:\/\/vitalworld.com\/de\/?post_type=product&#038;p=899"},"modified":"2026-04-15T14:22:02","modified_gmt":"2026-04-15T12:22:02","slug":"kaffeeveredler-oriental-nachfueller","status":"publish","type":"product","link":"https:\/\/vitalworld.com\/de\/produkt\/kaffeeveredler-oriental-nachfueller\/","title":{"rendered":"Kaffeeveredler Oriental Nachf\u00fcller"},"content":{"rendered":"<p><strong>Kaffeeveredler Oriental \u2013 der Geschmack des Orients f\u00fcr Zuhause<\/strong><\/p>\n<p>Der Kaffeeveredler Oriental von SwissVitalWorld ist inspiriert von jahrhundertealten Kaffeeritualen, bei denen Gew\u00fcrze und Kr\u00e4uter den Kaffee geschmacklich abrunden. Die Rezeptur kombiniert Roh-Rohrzucker, naturbelassenes Kakaopulver sowie ausgew\u00e4hlte Gew\u00fcrze wie Zimt und Kardamom \u2013 erg\u00e4nzt durch feine Nuancen von Anis, Kurkuma sowie schwarzem und wei\u00dfem Pfeffer. So entsteht ein aromatisch ausgewogener Kaffee, sp\u00fcrbar bek\u00f6mmlicher \u2013 mit vollem Koffein-Kick.<\/p>\n<p><strong>Vegan zertifiziert<\/strong><br \/>\n<strong>In der Schweiz hergestellt<\/strong><\/p>\n<p><span class=\"extra\"><strong><span class=\"regular\">Inhaltsstoffe: <\/span><\/strong>Roh-Rohrzucker, naturbelassenes Kakaopulver, Zimt, Kardamom, Vanillin, Zitronenpulver, Anis, Kurkuma, schwarzer Pfeffer, weisser Pfeffer, Kristallsalz <\/span><\/p>\n<p><strong> N\u00e4hrwerte:<\/strong><br \/>\nN\u00e4hrwerte \/ pro 100 g \/ pro 5 g<\/p>\n<p>Energie kj \/ 1490 \/ 74<\/p>\n<p>Energie kcal \/ 350 \/ 17<\/p>\n<p>Fett \/ 1,6 g \/ 0,1 g<\/p>\n<p>\u2013 davon ges. \/ 0,9 g \/ &lt;0,1 g<\/p>\n<p>Kohlenhydrate \/ 76 g \/ 3,8 g<\/p>\n<p>\u2013 davon Zucker \/ 70 g \/ 3,5 g<\/p>\n<p>Eiweiss \/ 5,7 g \/ 0,3 g<\/p>\n<p>Salz \/ &lt;0,1 g \/ &lt;0,1 g<\/p>\n<p><strong>Lagerung:<\/strong> Vor Licht gesch\u00fctzt, trocken und bei Raumtemperatur lagern. Stehts gut verschliessen.<\/p>\n<p>&nbsp;<\/p>\n<p><strong>Mehr erfahren? Dann schau dir unser Produktvideo an oder informiere dich in unserem thematisch passenden Fachartikel.<\/strong><\/p>\n<p>&nbsp;<\/p>\n","protected":false},"excerpt":{"rendered":"<p><strong>Kaffeeveredler Oriental \u2013 warme Gew\u00fcrzkomposition f\u00fcr intensiven Kaffeegenu\u00df<\/strong><\/p>\n<p><strong>Orientalisch inspiriert, perfekt ausbalanciert:<\/strong> Diese besondere Mischung bringt eine warme, fein w\u00fcrzige Note in deinen Kaffee \u2013 mit Zimt, Kardamom und Kakao f\u00fcr ein harmonisch vollmundiges Aroma.<\/p>\n<p><strong>Bek\u00f6mmlich genie\u00dfen:<\/strong> Der Kaffeeveredler macht deinen Kaffee wesentlich bek\u00f6mmlicher, w\u00e4hrend die anregende Wirkung des Koffeins nat\u00fcrlich erhalten bleibt.<\/p>\n<p><strong>F\u00fcr deinen Lieblingskaffee:<\/strong> Ob Cappuccino, Espresso, Latte Macchiato oder klassischer Filterkaffee \u2013 warm wie kalt ein echter Genu\u00df-Boost.<\/p>\n<p><strong>Anwendung:<\/strong> Anstelle von Zucker 1\u20132 Teel\u00f6ffel (ca. 5 g) Kaffeeveredler Oriental in den frisch gebr\u00fchten Kaffee geben, umr\u00fchren und 1 Minute ziehen lassen. Danach genie\u00dfen.<\/p>\n<p><strong>Inhalt:<\/strong> 500 g, reicht f\u00fcr ca. 100 Tassen pro Beutel.<\/p>\n<p>Jetzt probieren und deinem Kaffee eine w\u00fcrzige Tiefe schenken.<\/p>\n<p>&nbsp;<\/p>\n[video3q id=\"ee0d292d-6b89-4558-82a5-4179952ab084\"]\n","protected":false},"featured_media":898,"template":"","meta":{"_acf_changed":false},"product_brand":[],"product_cat":[46],"product_tag":[],"class_list":{"0":"post-899","1":"product","2":"type-product","3":"status-publish","4":"has-post-thumbnail","6":"product_cat-kaffee-and-kakao","8":"first","9":"instock","10":"taxable","11":"shipping-taxable","12":"purchasable","13":"product-type-simple"},"acf":[],"_links":{"self":[{"href":"https:\/\/vitalworld.com\/de\/wp-json\/wp\/v2\/product\/899","targetHints":{"allow":["GET"]}}],"collection":[{"href":"https:\/\/vitalworld.com\/de\/wp-json\/wp\/v2\/product"}],"about":[{"href":"https:\/\/vitalworld.com\/de\/wp-json\/wp\/v2\/types\/product"}],"wp:featuredmedia":[{"embeddable":true,"href":"https:\/\/vitalworld.com\/de\/wp-json\/wp\/v2\/media\/898"}],"wp:attachment":[{"href":"https:\/\/vitalworld.com\/de\/wp-json\/wp\/v2\/media?parent=899"}],"wp:term":[{"taxonomy":"product_brand","embeddable":true,"href":"https:\/\/vitalworld.com\/de\/wp-json\/wp\/v2\/product_brand?post=899"},{"taxonomy":"product_cat","embeddable":true,"href":"https:\/\/vitalworld.com\/de\/wp-json\/wp\/v2\/product_cat?post=899"},{"taxonomy":"product_tag","embeddable":true,"href":"https:\/\/vitalworld.com\/de\/wp-json\/wp\/v2\/product_tag?post=899"}],"curies":[{"name":"wp","href":"https:\/\/api.w.org\/{rel}","templated":true}]}}