{"id":901,"date":"2026-01-21T13:57:31","date_gmt":"2026-01-21T12:57:31","guid":{"rendered":"https:\/\/vitalworld.com\/de\/?post_type=product&#038;p=901"},"modified":"2026-04-16T12:22:04","modified_gmt":"2026-04-16T10:22:04","slug":"kaffeeveredler-oriental","status":"publish","type":"product","link":"https:\/\/vitalworld.com\/de\/produkt\/kaffeeveredler-oriental\/","title":{"rendered":"Kaffeeveredler Oriental"},"content":{"rendered":"<h3><strong>Kaffeeveredler Oriental \u2013 Orientgef\u00fchl in jeder Tasse<\/strong><\/h3>\n<p>&nbsp;<\/p>\n<p>Mit dem Kaffeeveredler Oriental von SwissVitalWorld entdeckst du Kaffee neu: Inspiriert von traditionellen Rezepturen des Orients vereint diese fein abgestimmte Mischung aromatische Gew\u00fcrze und sanften Kakao zu einem ausgewogenen, angenehm runden Geschmack. Der Kaffee wird sp\u00fcrbar bek\u00f6mmlicher und das Koffein bleibt vollst\u00e4ndig erhalten. F\u00fcr alle, die ihren Kaffee nicht nur trinken, sondern erleben m\u00f6chten.<\/p>\n<p>&nbsp;<\/p>\n<p><strong>Vegan zertifiziert<\/strong><br \/>\n<strong>In der Schweiz hergestellt<\/strong><\/p>\n<p><span class=\"extra\"><strong><span class=\"regular\">Inhaltsstoffe: <\/span><\/strong>Roh-Rohrzucker, naturbelassenes Kakaopulver, Zimt, Kardamom, Vanillin, Zitronenpulver, Anis, Kurkuma, schwarzer Pfeffer, weisser Pfeffer, Kristallsalz <\/span><\/p>\n<p><strong> N\u00e4hrwerte:<\/strong><br \/>\nN\u00e4hrwerte \/ pro 100 g \/ pro 5 g<\/p>\n<p>Energie kj \/ 1490 \/ 74<\/p>\n<p>Energie kcal \/ 350 \/ 117<\/p>\n<p>Fett \/ 1,6 g \/ 0,1 g<\/p>\n<p>\u2013 davon ges. \/ 0,9 g \/ &lt;0,1 g<\/p>\n<p>Kohlenhydrate \/ 76 g \/ 3,8 g<\/p>\n<p>\u2013 davon Zucker \/ 70 g \/ 3,5 g<\/p>\n<p>Eiweiss \/ 5,7 g \/ 0,3 g<\/p>\n<p>Salz \/ &lt;0,1 g \/ &lt;0,1 g<\/p>\n<p><strong>Lagerung:<\/strong> Vor Licht gesch\u00fctzt, trocken und bei Raumtemperatur lagern. Stehts gut verschliessen.<\/p>\n<p>&nbsp;<\/p>\n<p><strong>Mehr erfahren? Dann schau dir unser Produktvideo an oder informiere dich in unserem thematisch passenden Fachartikel.<\/strong><\/p>\n<p>&nbsp;<\/p>\n","protected":false},"excerpt":{"rendered":"<p><strong>Kaffeeveredler Oriental \u2013 w\u00fcrzige Orient-Note f\u00fcr deinen Kaffee<\/strong><\/p>\n<p><strong>W\u00e4rme, W\u00fcrze, Genuss:<\/strong> Veredelt deinen Kaffee mit einer zart w\u00fcrzigen Komposition aus Zimt, Kardamom und Kakao \u2013 harmonisch abgerundet f\u00fcr ein rundes Geschmackserlebnis.<\/p>\n<p><strong>Genuss, der gut tut:<\/strong> Macht deinen Kaffee sp\u00fcrbar bek\u00f6mmlicher, w\u00e4hrend die belebende Wirkung des nat\u00fcrlich enthaltenen Koffeins erhalten bleibt.<\/p>\n<p><strong>Passt zu jeder Zubereitung:<\/strong> Ideal f\u00fcr Cappuccino, Espresso, Latte Macchiato und Filterkaffee \u2013 warm wie kalt ein aromatisches Upgrade.<\/p>\n<p><strong>Einfach in der Anwendung:<\/strong> Statt Zucker 1\u20132 Teel\u00f6ffel (ca. 5 g) Kaffeeveredler Oriental in den frisch aufgebr\u00fchten Kaffee geben, umr\u00fchren und 1 Minute ziehen lassen. Fertig ist dein orientalischer Genu\u00dfmoment.<\/p>\n<p><strong>Inhalt:<\/strong> 150 g, reicht f\u00fcr ca. 30 Tassen.<\/p>\n<p>Jetzt probieren und jede Tasse Kaffee in ein w\u00fcrzig-warmes Geschmackserlebnis verwandeln.<\/p>\n<p>&nbsp;<\/p>\n[video3q id=\"ee0d292d-6b89-4558-82a5-4179952ab084\"]\n","protected":false},"featured_media":900,"template":"","meta":{"_acf_changed":false},"product_brand":[],"product_cat":[46],"product_tag":[],"class_list":{"0":"post-901","1":"product","2":"type-product","3":"status-publish","4":"has-post-thumbnail","6":"product_cat-kaffee-and-kakao","8":"first","9":"instock","10":"taxable","11":"shipping-taxable","12":"purchasable","13":"product-type-simple"},"acf":[],"_links":{"self":[{"href":"https:\/\/vitalworld.com\/de\/wp-json\/wp\/v2\/product\/901","targetHints":{"allow":["GET"]}}],"collection":[{"href":"https:\/\/vitalworld.com\/de\/wp-json\/wp\/v2\/product"}],"about":[{"href":"https:\/\/vitalworld.com\/de\/wp-json\/wp\/v2\/types\/product"}],"wp:featuredmedia":[{"embeddable":true,"href":"https:\/\/vitalworld.com\/de\/wp-json\/wp\/v2\/media\/900"}],"wp:attachment":[{"href":"https:\/\/vitalworld.com\/de\/wp-json\/wp\/v2\/media?parent=901"}],"wp:term":[{"taxonomy":"product_brand","embeddable":true,"href":"https:\/\/vitalworld.com\/de\/wp-json\/wp\/v2\/product_brand?post=901"},{"taxonomy":"product_cat","embeddable":true,"href":"https:\/\/vitalworld.com\/de\/wp-json\/wp\/v2\/product_cat?post=901"},{"taxonomy":"product_tag","embeddable":true,"href":"https:\/\/vitalworld.com\/de\/wp-json\/wp\/v2\/product_tag?post=901"}],"curies":[{"name":"wp","href":"https:\/\/api.w.org\/{rel}","templated":true}]}}